{"id":2023,"date":"2024-05-20T20:14:11","date_gmt":"2024-05-20T18:14:11","guid":{"rendered":"https:\/\/elresidente.info\/medicina\/?page_id=2023"},"modified":"2024-05-30T18:25:06","modified_gmt":"2024-05-30T16:25:06","slug":"blog","status":"publish","type":"page","link":"https:\/\/elresidente.info\/medicina\/blog\/","title":{"rendered":"Blog"},"content":{"rendered":"\n<div class=\"wp-block-uagb-container uagb-layout-flex uagb-block-c0059bbe alignfull uagb-is-root-container\"><div class=\"uagb-container-inner-blocks-wrap\">\n<div class=\"wp-block-uagb-container uagb-block-43ceb93e\"><\/div>\n\n\n\n<div class=\"wp-block-uagb-container uagb-block-fcf71f3e\"><\/div>\n\n\n\n<div class=\"wp-block-uagb-container uagb-block-57db6bd9\"><form role=\"search\" method=\"get\" action=\"https:\/\/elresidente.info\/medicina\/\" class=\"wp-block-search__button-outside wp-block-search__text-button wp-block-search\"    ><label class=\"wp-block-search__label\" for=\"wp-block-search__input-1\" >Buscar<\/label><div class=\"wp-block-search__inside-wrapper\" ><input class=\"wp-block-search__input\" id=\"wp-block-search__input-1\" placeholder=\"\" value=\"\" type=\"search\" name=\"s\" required \/><button aria-label=\"Buscar\" class=\"wp-block-search__button wp-element-button\" type=\"submit\" >Buscar<\/button><\/div><\/form><\/div>\n<\/div><\/div>\n\n\n\n<div class=\"wp-block-columns is-layout-flex wp-container-core-columns-is-layout-28f84493 wp-block-columns-is-layout-flex\">\n<div class=\"wp-block-column is-layout-flow wp-block-column-is-layout-flow\" style=\"flex-basis:100%\">\n\t\t\t<div class=\"wp-block-uagb-post-grid uagb-post-grid  uagb-post__image-position-top uagb-post__image-enabled uagb-block-2bc1d356     uagb-post__items uagb-post__columns-3 is-grid uagb-post__columns-tablet-2 uagb-post__columns-mobile-1 uagb-post__equal-height\" data-total=\"1\" style=\"\">\n\n\t\t\t\t\t\t\t\t\t\t\t\t<article class=\"uagb-post__inner-wrap\">\t\t\t\t\t\t\t\t<div class='uagb-post__image'>\n\t\t\t\t\t\t\t\t\t<a href=\"https:\/\/elresidente.info\/medicina\/european-society-of-intensive-care-medicineclinical-practice-guideline-on-fuid-therapyin-adult-critically-ill-patients-part-1-the-choiceof-resuscitation-fuids\/\" target=\"_self\" rel=\"bookmark noopener noreferrer\" class='uagb-image-ratio-inherit'><img fetchpriority=\"high\" decoding=\"async\" width=\"1024\" height=\"397\" src=\"https:\/\/i0.wp.com\/elresidente.info\/medicina\/wp-content\/uploads\/2025\/04\/2025-04-03_12-56-36.jpg?fit=1024%2C397&amp;ssl=1\" class=\"attachment-large size-large\" alt=\"\" srcset=\"https:\/\/i0.wp.com\/elresidente.info\/medicina\/wp-content\/uploads\/2025\/04\/2025-04-03_12-56-36.jpg?w=1258&amp;ssl=1 1258w, https:\/\/i0.wp.com\/elresidente.info\/medicina\/wp-content\/uploads\/2025\/04\/2025-04-03_12-56-36.jpg?resize=300%2C116&amp;ssl=1 300w, https:\/\/i0.wp.com\/elresidente.info\/medicina\/wp-content\/uploads\/2025\/04\/2025-04-03_12-56-36.jpg?resize=1024%2C397&amp;ssl=1 1024w, https:\/\/i0.wp.com\/elresidente.info\/medicina\/wp-content\/uploads\/2025\/04\/2025-04-03_12-56-36.jpg?resize=768%2C298&amp;ssl=1 768w\" sizes=\"(max-width: 1000px) 100vw, 1000px\" \/>\t\t\t\t\t<\/a>\n\t\t\t\t\t\t\t<\/div>\n\t\t\t\t\t\t<h5 class=\"uagb-post__title uagb-post__text\">\n\t\t\t\t<a href=\"https:\/\/elresidente.info\/medicina\/european-society-of-intensive-care-medicineclinical-practice-guideline-on-fuid-therapyin-adult-critically-ill-patients-part-1-the-choiceof-resuscitation-fuids\/\" target=\"_self\" rel=\"bookmark noopener noreferrer\">European Society of Intensive Care Medicine clinical practice guideline on fuid therapyin adult critically ill patients. Part 1: the choice of resuscitation fuids<\/a>\n\t\t\t<\/h5>\n\t\t\t\t\t\t<div class='uagb-post__text uagb-post-grid-byline'>\n\t\t\t\t\t\t\t<\/div>\n\t\t\t\t\t\t\t<div class='uagb-post__text uagb-post__excerpt'>\n\t\t\t\t\t<p>Esta gu\u00eda fue elaborada por un panel internacional de expertos&#8230;\t\t\t\t<\/div>\n\t\t\t\t\t\t<div class=\"uagb-post__text uagb-post__cta wp-block-button\">\n\t\t\t\t<a class=\"wp-block-button__link uagb-text-link\" style=\"\" href=\"https:\/\/elresidente.info\/medicina\/european-society-of-intensive-care-medicineclinical-practice-guideline-on-fuid-therapyin-adult-critically-ill-patients-part-1-the-choiceof-resuscitation-fuids\/\" target=\"_self\" rel=\"bookmark noopener noreferrer\">Read More<\/a>\n\t\t\t<\/div>\n\t\t\t\n\t\t\t\t\t\t\t\t\t<\/article>\n\t\t\t\t\t\t\t\t\t\t\t\t\t\t\t\t<article class=\"uagb-post__inner-wrap\">\t\t\t\t\t\t\t\t<div class='uagb-post__image'>\n\t\t\t\t\t\t\t\t\t<a href=\"https:\/\/elresidente.info\/medicina\/prevention-and-treatment-of-ischaemic-and-haemorrhagic-stroke-in-people-with-diabetes-mellitus-a-focus-on-glucose-control-and-comorbidities\/\" target=\"_self\" rel=\"bookmark noopener noreferrer\" class='uagb-image-ratio-inherit'><img decoding=\"async\" width=\"805\" height=\"800\" src=\"https:\/\/i0.wp.com\/elresidente.info\/medicina\/wp-content\/uploads\/2024\/06\/2024-06-14_08-59-02.jpg?fit=805%2C800&amp;ssl=1\" class=\"attachment-large size-large\" alt=\"\" srcset=\"https:\/\/i0.wp.com\/elresidente.info\/medicina\/wp-content\/uploads\/2024\/06\/2024-06-14_08-59-02.jpg?w=805&amp;ssl=1 805w, https:\/\/i0.wp.com\/elresidente.info\/medicina\/wp-content\/uploads\/2024\/06\/2024-06-14_08-59-02.jpg?resize=300%2C298&amp;ssl=1 300w, https:\/\/i0.wp.com\/elresidente.info\/medicina\/wp-content\/uploads\/2024\/06\/2024-06-14_08-59-02.jpg?resize=150%2C150&amp;ssl=1 150w, https:\/\/i0.wp.com\/elresidente.info\/medicina\/wp-content\/uploads\/2024\/06\/2024-06-14_08-59-02.jpg?resize=768%2C763&amp;ssl=1 768w\" sizes=\"(max-width: 805px) 100vw, 805px\" \/>\t\t\t\t\t<\/a>\n\t\t\t\t\t\t\t<\/div>\n\t\t\t\t\t\t<h5 class=\"uagb-post__title uagb-post__text\">\n\t\t\t\t<a href=\"https:\/\/elresidente.info\/medicina\/prevention-and-treatment-of-ischaemic-and-haemorrhagic-stroke-in-people-with-diabetes-mellitus-a-focus-on-glucose-control-and-comorbidities\/\" target=\"_self\" rel=\"bookmark noopener noreferrer\">Prevention and treatment of ischaemic and haemorrhagic stroke in people with diabetes mellitus: a focus on glucose control and comorbidities<\/a>\n\t\t\t<\/h5>\n\t\t\t\t\t\t<div class='uagb-post__text uagb-post-grid-byline'>\n\t\t\t\t\t\t\t<\/div>\n\t\t\t\t\t\t\t<div class='uagb-post__text uagb-post__excerpt'>\n\t\t\t\t\t<p>AbstractoLa diabetes mellitus es un importante factor de riesgo de&#8230;\t\t\t\t<\/div>\n\t\t\t\t\t\t<div class=\"uagb-post__text uagb-post__cta wp-block-button\">\n\t\t\t\t<a class=\"wp-block-button__link uagb-text-link\" style=\"\" href=\"https:\/\/elresidente.info\/medicina\/prevention-and-treatment-of-ischaemic-and-haemorrhagic-stroke-in-people-with-diabetes-mellitus-a-focus-on-glucose-control-and-comorbidities\/\" target=\"_self\" rel=\"bookmark noopener noreferrer\">Read More<\/a>\n\t\t\t<\/div>\n\t\t\t\n\t\t\t\t\t\t\t\t\t<\/article>\n\t\t\t\t\t\t\t\t\t\t\t\t\t\t\t\t<article class=\"uagb-post__inner-wrap\">\t\t\t\t\t\t\t\t<div class='uagb-post__image'>\n\t\t\t\t\t\t\t\t\t<a href=\"https:\/\/elresidente.info\/medicina\/update-on-transfusion-related-acute-lung-injury-an-overview-of-its-pathogenesis-and-management\/\" target=\"_self\" rel=\"bookmark noopener noreferrer\" class='uagb-image-ratio-inherit'><img decoding=\"async\" width=\"1024\" height=\"635\" src=\"https:\/\/i0.wp.com\/elresidente.info\/medicina\/wp-content\/uploads\/2024\/06\/fimmu-14-1175387-g003.jpg?fit=1024%2C635&amp;ssl=1\" class=\"attachment-large size-large\" alt=\"\" srcset=\"https:\/\/i0.wp.com\/elresidente.info\/medicina\/wp-content\/uploads\/2024\/06\/fimmu-14-1175387-g003.jpg?w=1918&amp;ssl=1 1918w, https:\/\/i0.wp.com\/elresidente.info\/medicina\/wp-content\/uploads\/2024\/06\/fimmu-14-1175387-g003.jpg?resize=300%2C186&amp;ssl=1 300w, https:\/\/i0.wp.com\/elresidente.info\/medicina\/wp-content\/uploads\/2024\/06\/fimmu-14-1175387-g003.jpg?resize=1024%2C635&amp;ssl=1 1024w, https:\/\/i0.wp.com\/elresidente.info\/medicina\/wp-content\/uploads\/2024\/06\/fimmu-14-1175387-g003.jpg?resize=768%2C476&amp;ssl=1 768w, https:\/\/i0.wp.com\/elresidente.info\/medicina\/wp-content\/uploads\/2024\/06\/fimmu-14-1175387-g003.jpg?resize=1536%2C952&amp;ssl=1 1536w\" sizes=\"(max-width: 1000px) 100vw, 1000px\" \/>\t\t\t\t\t<\/a>\n\t\t\t\t\t\t\t<\/div>\n\t\t\t\t\t\t<h5 class=\"uagb-post__title uagb-post__text\">\n\t\t\t\t<a href=\"https:\/\/elresidente.info\/medicina\/update-on-transfusion-related-acute-lung-injury-an-overview-of-its-pathogenesis-and-management\/\" target=\"_self\" rel=\"bookmark noopener noreferrer\">Update on transfusion-related acute lung injury: an overview of its pathogenesis and management<\/a>\n\t\t\t<\/h5>\n\t\t\t\t\t\t<div class='uagb-post__text uagb-post-grid-byline'>\n\t\t\t\t\t\t\t<\/div>\n\t\t\t\t\t\t\t<div class='uagb-post__text uagb-post__excerpt'>\n\t\t\t\t\t<p>Un art\u00edculo de revisi\u00f3n que aborda la patog\u00e9nesis y el&#8230;\t\t\t\t<\/div>\n\t\t\t\t\t\t<div class=\"uagb-post__text uagb-post__cta wp-block-button\">\n\t\t\t\t<a class=\"wp-block-button__link uagb-text-link\" style=\"\" href=\"https:\/\/elresidente.info\/medicina\/update-on-transfusion-related-acute-lung-injury-an-overview-of-its-pathogenesis-and-management\/\" target=\"_self\" rel=\"bookmark noopener noreferrer\">Read More<\/a>\n\t\t\t<\/div>\n\t\t\t\n\t\t\t\t\t\t\t\t\t<\/article>\n\t\t\t\t\t\t\t\t\t\t\t\t\t\t\t\t<article class=\"uagb-post__inner-wrap\">\t\t\t\t\t\t\t\t<div class='uagb-post__image'>\n\t\t\t\t\t\t\t\t\t<a href=\"https:\/\/elresidente.info\/medicina\/diagnosis-and-management-of-subarachnoid-haemorrhage\/\" target=\"_self\" rel=\"bookmark noopener noreferrer\" class='uagb-image-ratio-inherit'><img loading=\"lazy\" decoding=\"async\" width=\"1024\" height=\"434\" src=\"https:\/\/i0.wp.com\/elresidente.info\/medicina\/wp-content\/uploads\/2024\/05\/hsa.jpg?fit=1024%2C434&amp;ssl=1\" class=\"attachment-large size-large\" alt=\"\" srcset=\"https:\/\/i0.wp.com\/elresidente.info\/medicina\/wp-content\/uploads\/2024\/05\/hsa.jpg?w=1039&amp;ssl=1 1039w, https:\/\/i0.wp.com\/elresidente.info\/medicina\/wp-content\/uploads\/2024\/05\/hsa.jpg?resize=300%2C127&amp;ssl=1 300w, https:\/\/i0.wp.com\/elresidente.info\/medicina\/wp-content\/uploads\/2024\/05\/hsa.jpg?resize=1024%2C434&amp;ssl=1 1024w, https:\/\/i0.wp.com\/elresidente.info\/medicina\/wp-content\/uploads\/2024\/05\/hsa.jpg?resize=768%2C325&amp;ssl=1 768w\" sizes=\"(max-width: 1000px) 100vw, 1000px\" \/>\t\t\t\t\t<\/a>\n\t\t\t\t\t\t\t<\/div>\n\t\t\t\t\t\t<h5 class=\"uagb-post__title uagb-post__text\">\n\t\t\t\t<a href=\"https:\/\/elresidente.info\/medicina\/diagnosis-and-management-of-subarachnoid-haemorrhage\/\" target=\"_self\" rel=\"bookmark noopener noreferrer\">Diagnosis and management of subarachnoid haemorrhage<\/a>\n\t\t\t<\/h5>\n\t\t\t\t\t\t<div class='uagb-post__text uagb-post-grid-byline'>\n\t\t\t\t\t\t\t<\/div>\n\t\t\t\t\t\t\t<div class='uagb-post__text uagb-post__excerpt'>\n\t\t\t\t\t<p>AbstractoLa hemorragia subaracnoidea aneurism\u00e1tica (HSA) presenta un desaf\u00edo para los&#8230;\t\t\t\t<\/div>\n\t\t\t\t\t\t<div class=\"uagb-post__text uagb-post__cta wp-block-button\">\n\t\t\t\t<a class=\"wp-block-button__link uagb-text-link\" style=\"\" href=\"https:\/\/elresidente.info\/medicina\/diagnosis-and-management-of-subarachnoid-haemorrhage\/\" target=\"_self\" rel=\"bookmark noopener noreferrer\">Read More<\/a>\n\t\t\t<\/div>\n\t\t\t\n\t\t\t\t\t\t\t\t\t<\/article>\n\t\t\t\t\t\t\t\t\t\t\t\t\t\t\t\t<article class=\"uagb-post__inner-wrap\">\t\t\t\t\t\t\t\t<div class='uagb-post__image'>\n\t\t\t\t\t\t\t\t\t<a href=\"https:\/\/elresidente.info\/medicina\/aerosolised-antibiotics-in-critical-care\/\" target=\"_self\" rel=\"bookmark noopener noreferrer\" class='uagb-image-ratio-inherit'><img loading=\"lazy\" decoding=\"async\" width=\"996\" height=\"689\" src=\"https:\/\/i0.wp.com\/elresidente.info\/medicina\/wp-content\/uploads\/2024\/05\/2024-05-30_10-01-12.jpg?fit=996%2C689&amp;ssl=1\" class=\"attachment-large size-large\" alt=\"\" srcset=\"https:\/\/i0.wp.com\/elresidente.info\/medicina\/wp-content\/uploads\/2024\/05\/2024-05-30_10-01-12.jpg?w=996&amp;ssl=1 996w, https:\/\/i0.wp.com\/elresidente.info\/medicina\/wp-content\/uploads\/2024\/05\/2024-05-30_10-01-12.jpg?resize=300%2C208&amp;ssl=1 300w, https:\/\/i0.wp.com\/elresidente.info\/medicina\/wp-content\/uploads\/2024\/05\/2024-05-30_10-01-12.jpg?resize=768%2C531&amp;ssl=1 768w\" sizes=\"(max-width: 996px) 100vw, 996px\" \/>\t\t\t\t\t<\/a>\n\t\t\t\t\t\t\t<\/div>\n\t\t\t\t\t\t<h5 class=\"uagb-post__title uagb-post__text\">\n\t\t\t\t<a href=\"https:\/\/elresidente.info\/medicina\/aerosolised-antibiotics-in-critical-care\/\" target=\"_self\" rel=\"bookmark noopener noreferrer\">Aerosolised antibiotics in\u00a0critical care<\/a>\n\t\t\t<\/h5>\n\t\t\t\t\t\t<div class='uagb-post__text uagb-post-grid-byline'>\n\t\t\t\t\t\t\t<\/div>\n\t\t\t\t\t\t\t<div class='uagb-post__text uagb-post__excerpt'>\n\t\t\t\t\t<p>SummaryEl art\u00edculo aborda la terapia con antibi\u00f3ticos aerosolizados en pacientes&#8230;\t\t\t\t<\/div>\n\t\t\t\t\t\t<div class=\"uagb-post__text uagb-post__cta wp-block-button\">\n\t\t\t\t<a class=\"wp-block-button__link uagb-text-link\" style=\"\" href=\"https:\/\/elresidente.info\/medicina\/aerosolised-antibiotics-in-critical-care\/\" target=\"_self\" rel=\"bookmark noopener noreferrer\">Read More<\/a>\n\t\t\t<\/div>\n\t\t\t\n\t\t\t\t\t\t\t\t\t<\/article>\n\t\t\t\t\t\t\t\t\t\t\t\t\t\t\t\t<article class=\"uagb-post__inner-wrap\">\t\t\t\t\t\t\t\t<div class='uagb-post__image'>\n\t\t\t\t\t\t\t\t\t<a href=\"https:\/\/elresidente.info\/medicina\/magnesium-sulfate-in-preeclampsia-broad-indications-not-only-in-neurological-symptoms\/\" target=\"_self\" rel=\"bookmark noopener noreferrer\" class='uagb-image-ratio-inherit'><img loading=\"lazy\" decoding=\"async\" width=\"1024\" height=\"477\" src=\"https:\/\/i0.wp.com\/elresidente.info\/medicina\/wp-content\/uploads\/2024\/05\/2024-05-29_12-45-33.jpg?fit=1024%2C477&amp;ssl=1\" class=\"attachment-large size-large\" alt=\"\" srcset=\"https:\/\/i0.wp.com\/elresidente.info\/medicina\/wp-content\/uploads\/2024\/05\/2024-05-29_12-45-33.jpg?w=1123&amp;ssl=1 1123w, https:\/\/i0.wp.com\/elresidente.info\/medicina\/wp-content\/uploads\/2024\/05\/2024-05-29_12-45-33.jpg?resize=300%2C140&amp;ssl=1 300w, https:\/\/i0.wp.com\/elresidente.info\/medicina\/wp-content\/uploads\/2024\/05\/2024-05-29_12-45-33.jpg?resize=1024%2C477&amp;ssl=1 1024w, https:\/\/i0.wp.com\/elresidente.info\/medicina\/wp-content\/uploads\/2024\/05\/2024-05-29_12-45-33.jpg?resize=768%2C358&amp;ssl=1 768w\" sizes=\"(max-width: 1000px) 100vw, 1000px\" \/>\t\t\t\t\t<\/a>\n\t\t\t\t\t\t\t<\/div>\n\t\t\t\t\t\t<h5 class=\"uagb-post__title uagb-post__text\">\n\t\t\t\t<a href=\"https:\/\/elresidente.info\/medicina\/magnesium-sulfate-in-preeclampsia-broad-indications-not-only-in-neurological-symptoms\/\" target=\"_self\" rel=\"bookmark noopener noreferrer\">Magnesium sulfate in preeclampsia: Broad indications, not only in neurological symptoms<\/a>\n\t\t\t<\/h5>\n\t\t\t\t\t\t<div class='uagb-post__text uagb-post-grid-byline'>\n\t\t\t\t\t\t\t<\/div>\n\t\t\t\t\t\t\t<div class='uagb-post__text uagb-post__excerpt'>\n\t\t\t\t\t<p>SummaryEl art\u00edculo aborda el uso del sulfato de magnesio en&#8230;\t\t\t\t<\/div>\n\t\t\t\t\t\t<div class=\"uagb-post__text uagb-post__cta wp-block-button\">\n\t\t\t\t<a class=\"wp-block-button__link uagb-text-link\" style=\"\" href=\"https:\/\/elresidente.info\/medicina\/magnesium-sulfate-in-preeclampsia-broad-indications-not-only-in-neurological-symptoms\/\" target=\"_self\" rel=\"bookmark noopener noreferrer\">Read More<\/a>\n\t\t\t<\/div>\n\t\t\t\n\t\t\t\t\t\t\t\t\t<\/article>\n\t\t\t\t\t\t\t\t\t\t\t\t\t\t\t\t<article class=\"uagb-post__inner-wrap\">\t\t\t\t\t\t\t\t<div class='uagb-post__image'>\n\t\t\t\t\t\t\t\t\t<a href=\"https:\/\/elresidente.info\/medicina\/american-college-of-gastroenterology-guidelines-management-of-acute-pancreatitis\/\" target=\"_self\" rel=\"bookmark noopener noreferrer\" class='uagb-image-ratio-inherit'><img loading=\"lazy\" decoding=\"async\" width=\"1013\" height=\"374\" src=\"https:\/\/i0.wp.com\/elresidente.info\/medicina\/wp-content\/uploads\/2024\/05\/2024-05-26_14-23-18.jpg?fit=1013%2C374&amp;ssl=1\" class=\"attachment-large size-large\" alt=\"\" srcset=\"https:\/\/i0.wp.com\/elresidente.info\/medicina\/wp-content\/uploads\/2024\/05\/2024-05-26_14-23-18.jpg?w=1013&amp;ssl=1 1013w, https:\/\/i0.wp.com\/elresidente.info\/medicina\/wp-content\/uploads\/2024\/05\/2024-05-26_14-23-18.jpg?resize=300%2C111&amp;ssl=1 300w, https:\/\/i0.wp.com\/elresidente.info\/medicina\/wp-content\/uploads\/2024\/05\/2024-05-26_14-23-18.jpg?resize=768%2C284&amp;ssl=1 768w\" sizes=\"(max-width: 1000px) 100vw, 1000px\" \/>\t\t\t\t\t<\/a>\n\t\t\t\t\t\t\t<\/div>\n\t\t\t\t\t\t<h5 class=\"uagb-post__title uagb-post__text\">\n\t\t\t\t<a href=\"https:\/\/elresidente.info\/medicina\/american-college-of-gastroenterology-guidelines-management-of-acute-pancreatitis\/\" target=\"_self\" rel=\"bookmark noopener noreferrer\">American College of Gastroenterology Guidelines: Management of Acute Pancreatitis<\/a>\n\t\t\t<\/h5>\n\t\t\t\t\t\t<div class='uagb-post__text uagb-post-grid-byline'>\n\t\t\t\t\t\t\t<\/div>\n\t\t\t\t\t\t\t<div class='uagb-post__text uagb-post__excerpt'>\n\t\t\t\t\t<p>INTRODUCCI\u00d3N La pancreatitis aguda (PA) es una de las enfermedades&#8230;\t\t\t\t<\/div>\n\t\t\t\t\t\t<div class=\"uagb-post__text uagb-post__cta wp-block-button\">\n\t\t\t\t<a class=\"wp-block-button__link uagb-text-link\" style=\"\" href=\"https:\/\/elresidente.info\/medicina\/american-college-of-gastroenterology-guidelines-management-of-acute-pancreatitis\/\" target=\"_self\" rel=\"bookmark noopener noreferrer\">Read More<\/a>\n\t\t\t<\/div>\n\t\t\t\n\t\t\t\t\t\t\t\t\t<\/article>\n\t\t\t\t\t\t\t\t\t\t\t\t\t<div class=\"uagb-post-pagination-wrap\">\n\t\t\t\t\t\t\t\t\t\t\t<\/div>\n\t\t\t\t\t\t\t\t<\/div>\n\t\t\t<\/div>\n<\/div>\n","protected":false},"excerpt":{"rendered":"","protected":false},"author":1,"featured_media":0,"parent":0,"menu_order":0,"comment_status":"closed","ping_status":"closed","template":"","meta":{"_uag_custom_page_level_css":"","site-sidebar-layout":"default","site-content-layout":"","ast-site-content-layout":"default","site-content-style":"default","site-sidebar-style":"default","ast-global-header-display":"","ast-banner-title-visibility":"","ast-main-header-display":"","ast-hfb-above-header-display":"","ast-hfb-below-header-display":"","ast-hfb-mobile-header-display":"","site-post-title":"","ast-breadcrumbs-content":"","ast-featured-img":"","footer-sml-layout":"","ast-disable-related-posts":"","theme-transparent-header-meta":"","adv-header-id-meta":"","stick-header-meta":"","header-above-stick-meta":"","header-main-stick-meta":"","header-below-stick-meta":"","astra-migrate-meta-layouts":"set","ast-page-background-enabled":"default","ast-page-background-meta":{"desktop":{"background-color":"","background-image":"","background-repeat":"repeat","background-position":"center center","background-size":"auto","background-attachment":"scroll","background-type":"","background-media":"","overlay-type":"","overlay-color":"","overlay-opacity":"","overlay-gradient":""},"tablet":{"background-color":"","background-image":"","background-repeat":"repeat","background-position":"center center","background-size":"auto","background-attachment":"scroll","background-type":"","background-media":"","overlay-type":"","overlay-color":"","overlay-opacity":"","overlay-gradient":""},"mobile":{"background-color":"","background-image":"","background-repeat":"repeat","background-position":"center center","background-size":"auto","background-attachment":"scroll","background-type":"","background-media":"","overlay-type":"","overlay-color":"","overlay-opacity":"","overlay-gradient":""}},"ast-content-background-meta":{"desktop":{"background-color":"var(--ast-global-color-5)","background-image":"","background-repeat":"repeat","background-position":"center center","background-size":"auto","background-attachment":"scroll","background-type":"","background-media":"","overlay-type":"","overlay-color":"","overlay-opacity":"","overlay-gradient":""},"tablet":{"background-color":"var(--ast-global-color-5)","background-image":"","background-repeat":"repeat","background-position":"center center","background-size":"auto","background-attachment":"scroll","background-type":"","background-media":"","overlay-type":"","overlay-color":"","overlay-opacity":"","overlay-gradient":""},"mobile":{"background-color":"var(--ast-global-color-5)","background-image":"","background-repeat":"repeat","background-position":"center center","background-size":"auto","background-attachment":"scroll","background-type":"","background-media":"","overlay-type":"","overlay-color":"","overlay-opacity":"","overlay-gradient":""}},"advanced_seo_description":"","jetpack_seo_html_title":"","jetpack_seo_noindex":false,"footnotes":""},"class_list":["post-2023","page","type-page","status-publish","hentry"],"uagb_featured_image_src":{"full":false,"thumbnail":false,"medium":false,"medium_large":false,"large":false,"1536x1536":false,"2048x2048":false},"uagb_author_info":{"display_name":"byrock66","author_link":"https:\/\/elresidente.info\/medicina\/author\/byrock66\/"},"uagb_comment_info":0,"uagb_excerpt":null,"jetpack-related-posts":[],"jetpack_sharing_enabled":true,"_links":{"self":[{"href":"https:\/\/elresidente.info\/medicina\/wp-json\/wp\/v2\/pages\/2023","targetHints":{"allow":["GET"]}}],"collection":[{"href":"https:\/\/elresidente.info\/medicina\/wp-json\/wp\/v2\/pages"}],"about":[{"href":"https:\/\/elresidente.info\/medicina\/wp-json\/wp\/v2\/types\/page"}],"author":[{"embeddable":true,"href":"https:\/\/elresidente.info\/medicina\/wp-json\/wp\/v2\/users\/1"}],"replies":[{"embeddable":true,"href":"https:\/\/elresidente.info\/medicina\/wp-json\/wp\/v2\/comments?post=2023"}],"version-history":[{"count":4,"href":"https:\/\/elresidente.info\/medicina\/wp-json\/wp\/v2\/pages\/2023\/revisions"}],"predecessor-version":[{"id":2164,"href":"https:\/\/elresidente.info\/medicina\/wp-json\/wp\/v2\/pages\/2023\/revisions\/2164"}],"wp:attachment":[{"href":"https:\/\/elresidente.info\/medicina\/wp-json\/wp\/v2\/media?parent=2023"}],"curies":[{"name":"wp","href":"https:\/\/api.w.org\/{rel}","templated":true}]}}