{"id":7939,"date":"2022-07-28T10:44:12","date_gmt":"2022-07-28T16:44:12","guid":{"rendered":"https:\/\/elresidente.info\/farmacia\/?post_type=product&#038;p=7939"},"modified":"2022-07-28T10:44:12","modified_gmt":"2022-07-28T16:44:12","slug":"tegaderm-10-x-12-cms","status":"publish","type":"product","link":"https:\/\/elresidente.info\/farmacia\/product\/tegaderm-10-x-12-cms","title":{"rendered":"Tegaderm 10 x 12 cms"},"content":{"rendered":"","protected":false},"excerpt":{"rendered":"<ol>\n<li>Ap\u00f3sito de transparente de poliuretano dise\u00f1ado para proteger la piel y el \u00e1rea de la herida. El tipo de marco permite personalizar el tama\u00f1o y la forma para que se adapte a cualquier lugar del cuerpo.<\/li>\n<li>Ap\u00f3sito \u00a0que permite el intercambio de gases pero impide la entrada de agentes externos (agua, bacterias y virus*)<\/li>\n<li>Ap\u00f3sito transparente con marco de aplicaci\u00f3n 10x12cm<\/li>\n<li>Marco de aplicaci\u00f3n que mejora y facilita el proceso de fijaci\u00f3n<\/li>\n<\/ol>\n","protected":false},"featured_media":7940,"comment_status":"open","ping_status":"closed","template":"","meta":{"om_disable_all_campaigns":false,"_monsterinsights_skip_tracking":false,"_monsterinsights_sitenote_active":false,"_monsterinsights_sitenote_note":"","_monsterinsights_sitenote_category":0},"product_brand":[],"product_cat":[102],"product_tag":[],"class_list":{"0":"post-7939","1":"product","2":"type-product","3":"status-publish","4":"has-post-thumbnail","6":"product_cat-insumos-hospitalarios","8":"first","9":"instock","10":"shipping-taxable","11":"product-type-simple"},"aioseo_notices":[],"jetpack_sharing_enabled":true,"_links":{"self":[{"href":"https:\/\/elresidente.info\/farmacia\/wp-json\/wp\/v2\/product\/7939","targetHints":{"allow":["GET"]}}],"collection":[{"href":"https:\/\/elresidente.info\/farmacia\/wp-json\/wp\/v2\/product"}],"about":[{"href":"https:\/\/elresidente.info\/farmacia\/wp-json\/wp\/v2\/types\/product"}],"replies":[{"embeddable":true,"href":"https:\/\/elresidente.info\/farmacia\/wp-json\/wp\/v2\/comments?post=7939"}],"wp:featuredmedia":[{"embeddable":true,"href":"https:\/\/elresidente.info\/farmacia\/wp-json\/wp\/v2\/media\/7940"}],"wp:attachment":[{"href":"https:\/\/elresidente.info\/farmacia\/wp-json\/wp\/v2\/media?parent=7939"}],"wp:term":[{"taxonomy":"product_brand","embeddable":true,"href":"https:\/\/elresidente.info\/farmacia\/wp-json\/wp\/v2\/product_brand?post=7939"},{"taxonomy":"product_cat","embeddable":true,"href":"https:\/\/elresidente.info\/farmacia\/wp-json\/wp\/v2\/product_cat?post=7939"},{"taxonomy":"product_tag","embeddable":true,"href":"https:\/\/elresidente.info\/farmacia\/wp-json\/wp\/v2\/product_tag?post=7939"}],"curies":[{"name":"wp","href":"https:\/\/api.w.org\/{rel}","templated":true}]}}