{"id":7863,"date":"2022-07-05T18:39:13","date_gmt":"2022-07-05T18:39:13","guid":{"rendered":"https:\/\/elresidente.info\/farmacia\/?post_type=product&#038;p=7863"},"modified":"2022-07-05T18:39:14","modified_gmt":"2022-07-05T18:39:14","slug":"cateter-via-central","status":"publish","type":"product","link":"https:\/\/elresidente.info\/farmacia\/product\/cateter-via-central","title":{"rendered":"Cat\u00e9ter v\u00eda central"},"content":{"rendered":"","protected":false},"excerpt":{"rendered":"<p>Cat\u00e9ter v\u00eda central<\/p>\n<ul>\n<li>7 fr, 20 cms, 2 l\u00famenes<\/li>\n<li>7 fr, 20 cms, 3 l\u00famenes<\/li>\n<\/ul>\n","protected":false},"featured_media":7861,"comment_status":"open","ping_status":"closed","template":"","meta":{"om_disable_all_campaigns":false,"_monsterinsights_skip_tracking":false,"_monsterinsights_sitenote_active":false,"_monsterinsights_sitenote_note":"","_monsterinsights_sitenote_category":0},"product_brand":[],"product_cat":[102],"product_tag":[],"class_list":{"0":"post-7863","1":"product","2":"type-product","3":"status-publish","4":"has-post-thumbnail","6":"product_cat-insumos-hospitalarios","8":"first","9":"instock","10":"shipping-taxable","11":"product-type-simple"},"aioseo_notices":[],"jetpack_sharing_enabled":true,"_links":{"self":[{"href":"https:\/\/elresidente.info\/farmacia\/wp-json\/wp\/v2\/product\/7863","targetHints":{"allow":["GET"]}}],"collection":[{"href":"https:\/\/elresidente.info\/farmacia\/wp-json\/wp\/v2\/product"}],"about":[{"href":"https:\/\/elresidente.info\/farmacia\/wp-json\/wp\/v2\/types\/product"}],"replies":[{"embeddable":true,"href":"https:\/\/elresidente.info\/farmacia\/wp-json\/wp\/v2\/comments?post=7863"}],"wp:featuredmedia":[{"embeddable":true,"href":"https:\/\/elresidente.info\/farmacia\/wp-json\/wp\/v2\/media\/7861"}],"wp:attachment":[{"href":"https:\/\/elresidente.info\/farmacia\/wp-json\/wp\/v2\/media?parent=7863"}],"wp:term":[{"taxonomy":"product_brand","embeddable":true,"href":"https:\/\/elresidente.info\/farmacia\/wp-json\/wp\/v2\/product_brand?post=7863"},{"taxonomy":"product_cat","embeddable":true,"href":"https:\/\/elresidente.info\/farmacia\/wp-json\/wp\/v2\/product_cat?post=7863"},{"taxonomy":"product_tag","embeddable":true,"href":"https:\/\/elresidente.info\/farmacia\/wp-json\/wp\/v2\/product_tag?post=7863"}],"curies":[{"name":"wp","href":"https:\/\/api.w.org\/{rel}","templated":true}]}}