{"id":7860,"date":"2022-07-05T18:37:44","date_gmt":"2022-07-05T18:37:44","guid":{"rendered":"https:\/\/elresidente.info\/farmacia\/?post_type=product&#038;p=7860"},"modified":"2022-07-05T18:37:45","modified_gmt":"2022-07-05T18:37:45","slug":"cateteres-hemodialisis","status":"publish","type":"product","link":"https:\/\/elresidente.info\/farmacia\/product\/cateteres-hemodialisis","title":{"rendered":"Cat\u00e9teres Hemodi\u00e1lisis"},"content":{"rendered":"","protected":false},"excerpt":{"rendered":"<p>Cat\u00e9ter transitorio tipo Quinton de Hemodi\u00e1lisis<\/p>\n<p>12 fr, 20 cms de largo, 2 l\u00famenes<\/p>\n","protected":false},"featured_media":7862,"comment_status":"open","ping_status":"closed","template":"","meta":{"om_disable_all_campaigns":false,"_monsterinsights_skip_tracking":false,"_monsterinsights_sitenote_active":false,"_monsterinsights_sitenote_note":"","_monsterinsights_sitenote_category":0},"product_brand":[],"product_cat":[102],"product_tag":[],"class_list":{"0":"post-7860","1":"product","2":"type-product","3":"status-publish","4":"has-post-thumbnail","6":"product_cat-insumos-hospitalarios","8":"first","9":"instock","10":"shipping-taxable","11":"product-type-simple"},"aioseo_notices":[],"jetpack_sharing_enabled":true,"_links":{"self":[{"href":"https:\/\/elresidente.info\/farmacia\/wp-json\/wp\/v2\/product\/7860","targetHints":{"allow":["GET"]}}],"collection":[{"href":"https:\/\/elresidente.info\/farmacia\/wp-json\/wp\/v2\/product"}],"about":[{"href":"https:\/\/elresidente.info\/farmacia\/wp-json\/wp\/v2\/types\/product"}],"replies":[{"embeddable":true,"href":"https:\/\/elresidente.info\/farmacia\/wp-json\/wp\/v2\/comments?post=7860"}],"wp:featuredmedia":[{"embeddable":true,"href":"https:\/\/elresidente.info\/farmacia\/wp-json\/wp\/v2\/media\/7862"}],"wp:attachment":[{"href":"https:\/\/elresidente.info\/farmacia\/wp-json\/wp\/v2\/media?parent=7860"}],"wp:term":[{"taxonomy":"product_brand","embeddable":true,"href":"https:\/\/elresidente.info\/farmacia\/wp-json\/wp\/v2\/product_brand?post=7860"},{"taxonomy":"product_cat","embeddable":true,"href":"https:\/\/elresidente.info\/farmacia\/wp-json\/wp\/v2\/product_cat?post=7860"},{"taxonomy":"product_tag","embeddable":true,"href":"https:\/\/elresidente.info\/farmacia\/wp-json\/wp\/v2\/product_tag?post=7860"}],"curies":[{"name":"wp","href":"https:\/\/api.w.org\/{rel}","templated":true}]}}