{"id":2881,"date":"2021-09-23T10:47:11","date_gmt":"2021-09-23T10:47:11","guid":{"rendered":"https:\/\/demo.xpeedstudio.com\/bajaar\/electronics2\/?page_id=2881"},"modified":"2022-07-05T16:25:35","modified_gmt":"2022-07-05T16:25:35","slug":"acerca-de-nosotros","status":"publish","type":"page","link":"https:\/\/elresidente.info\/farmacia\/acerca-de-nosotros","title":{"rendered":"Acerca de Nosotros"},"content":{"rendered":"\t\t<div data-elementor-type=\"wp-page\" data-elementor-id=\"2881\" class=\"elementor elementor-2881\">\n\t\t\t\t\t\t<section class=\"elementor-section elementor-top-section elementor-element elementor-element-60e7d383 elementor-section-boxed elementor-section-height-default elementor-section-height-default\" data-id=\"60e7d383\" data-element_type=\"section\" data-e-type=\"section\">\n\t\t\t\t\t\t<div class=\"elementor-container elementor-column-gap-default\">\n\t\t\t\t\t<div class=\"elementor-column elementor-col-50 elementor-top-column elementor-element elementor-element-70c53da1\" data-id=\"70c53da1\" data-element_type=\"column\" data-e-type=\"column\">\n\t\t\t<div class=\"elementor-widget-wrap elementor-element-populated\">\n\t\t\t\t\t\t<div class=\"elementor-element elementor-element-38ea8e elementor-invisible elementor-widget elementor-widget-image\" data-id=\"38ea8e\" data-element_type=\"widget\" data-e-type=\"widget\" data-settings=\"{&quot;_animation&quot;:&quot;fadeInUp&quot;,&quot;_animation_mobile&quot;:&quot;none&quot;,&quot;ekit_we_effect_on&quot;:&quot;none&quot;}\" data-widget_type=\"image.default\">\n\t\t\t\t<div class=\"elementor-widget-container\">\n\t\t\t\t\t\t\t\t\t\t\t\t\t\t\t<img fetchpriority=\"high\" decoding=\"async\" width=\"965\" height=\"289\" src=\"https:\/\/elresidente.info\/farmacia\/wp-content\/uploads\/2021\/04\/farmacia.png\" class=\"attachment-full size-full wp-image-7701\" alt=\"\" srcset=\"https:\/\/elresidente.info\/farmacia\/wp-content\/uploads\/2021\/04\/farmacia.png 965w, https:\/\/elresidente.info\/farmacia\/wp-content\/uploads\/2021\/04\/farmacia-600x180.png 600w\" sizes=\"(max-width: 965px) 100vw, 965px\" \/>\t\t\t\t\t\t\t\t\t\t\t\t\t\t\t<\/div>\n\t\t\t\t<\/div>\n\t\t\t\t\t<\/div>\n\t\t<\/div>\n\t\t\t\t<div class=\"elementor-column elementor-col-50 elementor-top-column elementor-element elementor-element-1cf82291\" data-id=\"1cf82291\" data-element_type=\"column\" data-e-type=\"column\">\n\t\t\t<div class=\"elementor-widget-wrap elementor-element-populated\">\n\t\t\t\t\t\t<div class=\"elementor-element elementor-element-292b2605 elementor-widget elementor-widget-elementskit-heading\" data-id=\"292b2605\" data-element_type=\"widget\" data-e-type=\"widget\" data-settings=\"{&quot;ekit_we_effect_on&quot;:&quot;none&quot;}\" data-widget_type=\"elementskit-heading.default\">\n\t\t\t\t<div class=\"elementor-widget-container\">\n\t\t\t\t\t<div class=\"ekit-wid-con\" ><div class=\"ekit-heading elementskit-section-title-wraper text_left   ekit_heading_tablet-   ekit_heading_mobile-\"><h3 class=\"elementskit-section-subtitle  \">\n\t\t\t\t\t\tAcerca de Nosotros \n\t\t\t\t\t<\/h3><h2 class=\"ekit-heading--title elementskit-section-title \">Nuestra misi\u00f3n, tu salud <\/h2>\t\t\t\t<div class='ekit-heading__description'>\n\t\t\t\t\t<p>La salud, no es un juego. Sin salud, no hay vida.\u00a0<\/p>\n<p>Somos un grupo de m\u00e9dicos, que ayudamos a distribuir y vender productos m\u00e9dicos hospitalarios e insumos m\u00e9dicos importantes.\u00a0<\/p>\n<p>Distribuidos productos de primera calidad. Al servicio de cualquier persona, profesional medico o instituci\u00f3n que requiera de los servicios.\u00a0<\/p>\n\t\t\t\t<\/div>\n\t\t\t<\/div><\/div>\t\t\t\t<\/div>\n\t\t\t\t<\/div>\n\t\t\t\t\t<\/div>\n\t\t<\/div>\n\t\t\t\t\t<\/div>\n\t\t<\/section>\n\t\t\t\t<section class=\"elementor-section elementor-top-section elementor-element elementor-element-60db60ea elementor-section-boxed elementor-section-height-default elementor-section-height-default\" data-id=\"60db60ea\" data-element_type=\"section\" data-e-type=\"section\" data-settings=\"{&quot;background_background&quot;:&quot;classic&quot;}\">\n\t\t\t\t\t\t<div class=\"elementor-container elementor-column-gap-no\">\n\t\t\t\t\t<div class=\"elementor-column elementor-col-100 elementor-top-column elementor-element elementor-element-e4daaaf\" data-id=\"e4daaaf\" data-element_type=\"column\" data-e-type=\"column\">\n\t\t\t<div class=\"elementor-widget-wrap elementor-element-populated\">\n\t\t\t\t\t\t<section class=\"elementor-section elementor-inner-section elementor-element elementor-element-444b90f3 elementor-section-boxed elementor-section-height-default elementor-section-height-default\" data-id=\"444b90f3\" data-element_type=\"section\" data-e-type=\"section\">\n\t\t\t\t\t\t<div class=\"elementor-container elementor-column-gap-default\">\n\t\t\t\t\t<div class=\"elementor-column elementor-col-100 elementor-inner-column elementor-element elementor-element-247d2322\" data-id=\"247d2322\" data-element_type=\"column\" data-e-type=\"column\">\n\t\t\t<div class=\"elementor-widget-wrap elementor-element-populated\">\n\t\t\t\t\t\t<div class=\"elementor-element elementor-element-120b3767 elementor-widget elementor-widget-elementskit-heading\" data-id=\"120b3767\" data-element_type=\"widget\" data-e-type=\"widget\" data-settings=\"{&quot;ekit_we_effect_on&quot;:&quot;none&quot;}\" data-widget_type=\"elementskit-heading.default\">\n\t\t\t\t<div class=\"elementor-widget-container\">\n\t\t\t\t\t<div class=\"ekit-wid-con\" ><div class=\"ekit-heading elementskit-section-title-wraper text_center   ekit_heading_tablet-   ekit_heading_mobile-\"><h2 class=\"ekit-heading--title elementskit-section-title \">\u00bfQui\u00e9nes somos?<\/h2>\t\t\t\t<div class='ekit-heading__description'>\n\t\t\t\t\t<p>M\u00e9dicos especialistas al servicio de su salud. M\u00e9dicos que ponen a su disposici\u00f3n medicamentos de primera calidad.\u00a0<\/p>\n\t\t\t\t<\/div>\n\t\t\t<\/div><\/div>\t\t\t\t<\/div>\n\t\t\t\t<\/div>\n\t\t\t\t\t<\/div>\n\t\t<\/div>\n\t\t\t\t\t<\/div>\n\t\t<\/section>\n\t\t\t\t<section class=\"elementor-section elementor-inner-section elementor-element elementor-element-3286fb5e elementor-section-boxed elementor-section-height-default elementor-section-height-default\" data-id=\"3286fb5e\" data-element_type=\"section\" data-e-type=\"section\">\n\t\t\t\t\t\t<div class=\"elementor-container elementor-column-gap-extended\">\n\t\t\t\t\t<div class=\"elementor-column elementor-col-50 elementor-inner-column elementor-element elementor-element-45892b3a\" data-id=\"45892b3a\" data-element_type=\"column\" data-e-type=\"column\">\n\t\t\t<div class=\"elementor-widget-wrap elementor-element-populated\">\n\t\t\t\t\t\t<div class=\"elementor-element elementor-element-162eeefa ekit-equal-height-disable elementor-widget elementor-widget-elementskit-icon-box\" data-id=\"162eeefa\" data-element_type=\"widget\" data-e-type=\"widget\" data-settings=\"{&quot;ekit_we_effect_on&quot;:&quot;none&quot;}\" data-widget_type=\"elementskit-icon-box.default\">\n\t\t\t\t<div class=\"elementor-widget-container\">\n\t\t\t\t\t<div class=\"ekit-wid-con\" >        <!-- link opening -->\n                <!-- end link opening -->\n\n        <div class=\"elementskit-infobox text-left text-left icon-top-align elementor-animation-  gradient-active  hover_from_top\">\n                    <div class=\"elementskit-box-header elementor-animation-\">\n                <div class=\"elementskit-info-box-icon  \">\n                    \n                <\/div>\n          <\/div>\n                        <div class=\"box-body\">\n                            <h3 class=\"elementskit-info-box-title\">\n                    Nuestra Visi\u00f3n                 <\/h3>\n                        \t\t  \t<p>Ser el proveedor y distribuidor de productos m\u00e9dicos con precios accesibles para toda la poblaci\u00f3n <\/p>\n                                <\/div>\n        \n        \n                <\/div>\n        <\/div>\t\t\t\t<\/div>\n\t\t\t\t<\/div>\n\t\t\t\t\t<\/div>\n\t\t<\/div>\n\t\t\t\t<div class=\"elementor-column elementor-col-50 elementor-inner-column elementor-element elementor-element-7267eb8f\" data-id=\"7267eb8f\" data-element_type=\"column\" data-e-type=\"column\">\n\t\t\t<div class=\"elementor-widget-wrap elementor-element-populated\">\n\t\t\t\t\t\t<div class=\"elementor-element elementor-element-6c194a2a ekit-equal-height-disable elementor-widget elementor-widget-elementskit-icon-box\" data-id=\"6c194a2a\" data-element_type=\"widget\" data-e-type=\"widget\" data-settings=\"{&quot;ekit_we_effect_on&quot;:&quot;none&quot;}\" data-widget_type=\"elementskit-icon-box.default\">\n\t\t\t\t<div class=\"elementor-widget-container\">\n\t\t\t\t\t<div class=\"ekit-wid-con\" >        <!-- link opening -->\n                <!-- end link opening -->\n\n        <div class=\"elementskit-infobox text-left text-left icon-top-align elementor-animation-  gradient-active  hover_from_top\">\n                    <div class=\"elementskit-box-header elementor-animation-\">\n                <div class=\"elementskit-info-box-icon  \">\n                    \n                <\/div>\n          <\/div>\n                        <div class=\"box-body\">\n                            <h3 class=\"elementskit-info-box-title\">\n                    Nuestra Misi\u00f3n                 <\/h3>\n                        \t\t  \t<p>Apoyar a la poblaci\u00f3n en general, en distribuir productos de primera calidad, con precios accesibles. <\/p>\n                                <\/div>\n        \n        \n                <\/div>\n        <\/div>\t\t\t\t<\/div>\n\t\t\t\t<\/div>\n\t\t\t\t\t<\/div>\n\t\t<\/div>\n\t\t\t\t\t<\/div>\n\t\t<\/section>\n\t\t\t\t\t<\/div>\n\t\t<\/div>\n\t\t\t\t\t<\/div>\n\t\t<\/section>\n\t\t\t\t<\/div>\n\t\t","protected":false},"excerpt":{"rendered":"<p>Acerca de Nosotros Nuestra misi\u00f3n, tu salud La salud, no es un juego. Sin salud, no hay vida.\u00a0 Somos un grupo de m\u00e9dicos, que ayudamos a distribuir y vender productos m\u00e9dicos hospitalarios e insumos m\u00e9dicos importantes.\u00a0 Distribuidos productos de primera calidad. Al servicio de cualquier persona, profesional medico o instituci\u00f3n que requiera de los servicios.\u00a0 [&hellip;]<\/p>\n","protected":false},"author":1,"featured_media":0,"parent":0,"menu_order":0,"comment_status":"closed","ping_status":"closed","template":"elementor_header_footer","meta":{"om_disable_all_campaigns":false,"_monsterinsights_skip_tracking":false,"_monsterinsights_sitenote_active":false,"_monsterinsights_sitenote_note":"","_monsterinsights_sitenote_category":0,"footnotes":""},"class_list":["post-2881","page","type-page","status-publish","hentry"],"aioseo_notices":[],"jetpack_sharing_enabled":true,"_links":{"self":[{"href":"https:\/\/elresidente.info\/farmacia\/wp-json\/wp\/v2\/pages\/2881","targetHints":{"allow":["GET"]}}],"collection":[{"href":"https:\/\/elresidente.info\/farmacia\/wp-json\/wp\/v2\/pages"}],"about":[{"href":"https:\/\/elresidente.info\/farmacia\/wp-json\/wp\/v2\/types\/page"}],"author":[{"embeddable":true,"href":"https:\/\/elresidente.info\/farmacia\/wp-json\/wp\/v2\/users\/1"}],"replies":[{"embeddable":true,"href":"https:\/\/elresidente.info\/farmacia\/wp-json\/wp\/v2\/comments?post=2881"}],"version-history":[{"count":11,"href":"https:\/\/elresidente.info\/farmacia\/wp-json\/wp\/v2\/pages\/2881\/revisions"}],"predecessor-version":[{"id":7811,"href":"https:\/\/elresidente.info\/farmacia\/wp-json\/wp\/v2\/pages\/2881\/revisions\/7811"}],"wp:attachment":[{"href":"https:\/\/elresidente.info\/farmacia\/wp-json\/wp\/v2\/media?parent=2881"}],"curies":[{"name":"wp","href":"https:\/\/api.w.org\/{rel}","templated":true}]}}