{"id":6577,"date":"2023-03-29T13:14:53","date_gmt":"2023-03-29T13:14:53","guid":{"rendered":"https:\/\/elresidente.info\/educando\/pagina-de-cursos\/"},"modified":"2024-03-14T00:45:02","modified_gmt":"2024-03-14T00:45:02","slug":"cursos","status":"publish","type":"page","link":"https:\/\/elresidente.info\/educando\/cursos\/","title":{"rendered":"Cursos"},"content":{"rendered":"","protected":false},"excerpt":{"rendered":"","protected":false},"author":1,"featured_media":0,"parent":0,"menu_order":0,"comment_status":"closed","ping_status":"closed","template":"","meta":{"_monsterinsights_skip_tracking":false,"_monsterinsights_sitenote_active":false,"_monsterinsights_sitenote_note":"","_monsterinsights_sitenote_category":0,"footnotes":""},"class_list":["post-6577","page","type-page","status-publish","hentry"],"aioseo_notices":[],"jetpack-related-posts":[{"id":6538,"url":"https:\/\/elresidente.info\/educando\/curso-completo\/","url_meta":{"origin":6577,"position":0},"title":"Curso completado","author":"El Residente","date":"28 de marzo de 2023","format":false,"excerpt":"\u00a1Enhorabuena por haber completado este curso! \ud83e\udd73Encontrar m\u00e1s cursosView Certificate","rel":"","context":"Entrada similar","block_context":{"text":"Entrada similar","link":""},"img":{"alt_text":"","src":"","width":0,"height":0},"classes":[]},{"id":6537,"url":"https:\/\/elresidente.info\/educando\/mis-cursos\/","url_meta":{"origin":6577,"position":1},"title":"Mis cursos","author":"El Residente","date":"28 de marzo de 2023","format":false,"excerpt":"Empezar el curso Continuar Visitar resultados","rel":"","context":"Entrada similar","block_context":{"text":"Entrada similar","link":""},"img":{"alt_text":"","src":"","width":0,"height":0},"classes":[]},{"id":4474,"url":"https:\/\/elresidente.info\/educando\/inicio\/","url_meta":{"origin":6577,"position":2},"title":"Inicio","author":"El Residente","date":"6 de octubre de 2022","format":false,"excerpt":"EducandoFuturos profesionales Las conferencias magistrales o los materiales escritos por s\u00ed solos no producen cambios en la pr\u00e1ctica del cl\u00ednico. El proceso de cambio es complejo (Davis, 2003), y con estas acciones s\u00f3lo se consigue crear conciencia en la necesidad de un cambio, el primer estadio para lograrlo. Bienvenidos a:\u2026","rel":"","context":"Entrada similar","block_context":{"text":"Entrada similar","link":""},"img":{"alt_text":"","src":"https:\/\/i0.wp.com\/elresidente.info\/educando\/wp-content\/uploads\/2023\/01\/2021-07-29_11-25-36.png?resize=350%2C200&ssl=1","width":350,"height":200,"srcset":"https:\/\/i0.wp.com\/elresidente.info\/educando\/wp-content\/uploads\/2023\/01\/2021-07-29_11-25-36.png?resize=350%2C200&ssl=1 1x, https:\/\/i0.wp.com\/elresidente.info\/educando\/wp-content\/uploads\/2023\/01\/2021-07-29_11-25-36.png?resize=525%2C300&ssl=1 1.5x, https:\/\/i0.wp.com\/elresidente.info\/educando\/wp-content\/uploads\/2023\/01\/2021-07-29_11-25-36.png?resize=700%2C400&ssl=1 2x"},"classes":[]},{"id":48170,"url":"https:\/\/elresidente.info\/educando\/","url_meta":{"origin":6577,"position":3},"title":"Inicio","author":"El Residente","date":"14 de agosto de 2022","format":false,"excerpt":"Educando <em>Las conferencias o los materiales escritos por s\u00ed solo no producen cambios en la pr\u00e1ctica del cl\u00ednico. El proceso de cambio es complejo (Davis, 2003), y con estas acciones s\u00f3lo se consigue crear conciencia en la necesidad de un cambio, el primer estadio para lograrlo.\u00a0<\/em><\/p> <h2>Educaci\u00f3n <br\/>M\u00e9dico Continua <\/h2>\u2026","rel":"","context":"Entrada similar","block_context":{"text":"Entrada similar","link":""},"img":{"alt_text":"","src":"https:\/\/i0.wp.com\/elresidente.info\/educando\/wp-content\/uploads\/2024\/03\/logo-residente-abril-23.png?resize=350%2C200&ssl=1","width":350,"height":200,"srcset":"https:\/\/i0.wp.com\/elresidente.info\/educando\/wp-content\/uploads\/2024\/03\/logo-residente-abril-23.png?resize=350%2C200&ssl=1 1x, https:\/\/i0.wp.com\/elresidente.info\/educando\/wp-content\/uploads\/2024\/03\/logo-residente-abril-23.png?resize=525%2C300&ssl=1 1.5x, https:\/\/i0.wp.com\/elresidente.info\/educando\/wp-content\/uploads\/2024\/03\/logo-residente-abril-23.png?resize=700%2C400&ssl=1 2x, https:\/\/i0.wp.com\/elresidente.info\/educando\/wp-content\/uploads\/2024\/03\/logo-residente-abril-23.png?resize=1050%2C600&ssl=1 3x, https:\/\/i0.wp.com\/elresidente.info\/educando\/wp-content\/uploads\/2024\/03\/logo-residente-abril-23.png?resize=1400%2C800&ssl=1 4x"},"classes":[]},{"id":1557,"url":"https:\/\/elresidente.info\/educando\/acerca-de-nosotros\/","url_meta":{"origin":6577,"position":4},"title":"Acerca de nosotros","author":"El Residente","date":"21 de agosto de 2022","format":false,"excerpt":"Acerca de nosotros Bienvenido a nuestra plataforma de aprendizaje educandoEl conocimiento no tiene limites. No conoce fronteras. Y estamos siempre en constante actualizaci\u00f3n. D\u00eda a d\u00eda nos llenan de informaci\u00f3n nueva, de informaci\u00f3n que cambia constantemente. Tenemos que estar al d\u00eda con el avance de la tecnolog\u00eda. Nuestro objetivo, es\u2026","rel":"","context":"Entrada similar","block_context":{"text":"Entrada similar","link":""},"img":{"alt_text":"","src":"https:\/\/i0.wp.com\/elresidente.info\/educando\/wp-content\/uploads\/2022\/08\/vector_3-1-6-1.png?resize=350%2C200&ssl=1","width":350,"height":200,"srcset":"https:\/\/i0.wp.com\/elresidente.info\/educando\/wp-content\/uploads\/2022\/08\/vector_3-1-6-1.png?resize=350%2C200&ssl=1 1x, https:\/\/i0.wp.com\/elresidente.info\/educando\/wp-content\/uploads\/2022\/08\/vector_3-1-6-1.png?resize=525%2C300&ssl=1 1.5x"},"classes":[]}],"jetpack_sharing_enabled":true,"_links":{"self":[{"href":"https:\/\/elresidente.info\/educando\/wp-json\/wp\/v2\/pages\/6577","targetHints":{"allow":["GET"]}}],"collection":[{"href":"https:\/\/elresidente.info\/educando\/wp-json\/wp\/v2\/pages"}],"about":[{"href":"https:\/\/elresidente.info\/educando\/wp-json\/wp\/v2\/types\/page"}],"author":[{"embeddable":true,"href":"https:\/\/elresidente.info\/educando\/wp-json\/wp\/v2\/users\/1"}],"replies":[{"embeddable":true,"href":"https:\/\/elresidente.info\/educando\/wp-json\/wp\/v2\/comments?post=6577"}],"version-history":[{"count":2,"href":"https:\/\/elresidente.info\/educando\/wp-json\/wp\/v2\/pages\/6577\/revisions"}],"predecessor-version":[{"id":49177,"href":"https:\/\/elresidente.info\/educando\/wp-json\/wp\/v2\/pages\/6577\/revisions\/49177"}],"wp:attachment":[{"href":"https:\/\/elresidente.info\/educando\/wp-json\/wp\/v2\/media?parent=6577"}],"curies":[{"name":"wp","href":"https:\/\/api.w.org\/{rel}","templated":true}]}}