{"id":49363,"date":"2024-05-23T16:53:38","date_gmt":"2024-05-23T16:53:38","guid":{"rendered":"https:\/\/elresidente.info\/educando\/?page_id=49363"},"modified":"2025-03-25T13:56:42","modified_gmt":"2025-03-25T19:56:42","slug":"universidad","status":"publish","type":"page","link":"https:\/\/elresidente.info\/educando\/universidad\/","title":{"rendered":"Universidad."},"content":{"rendered":"\t\t<div data-elementor-type=\"wp-page\" data-elementor-id=\"49363\" class=\"elementor elementor-49363\">\n\t\t\t\t\t\t<section class=\"elementor-section elementor-top-section elementor-element elementor-element-47eda6c elementor-section-boxed elementor-section-height-default elementor-section-height-default\" data-id=\"47eda6c\" data-element_type=\"section\" data-e-type=\"section\">\n\t\t\t\t\t\t<div class=\"elementor-container elementor-column-gap-default\">\n\t\t\t\t\t<div class=\"elementor-column elementor-col-100 elementor-top-column elementor-element elementor-element-84b8476\" data-id=\"84b8476\" data-element_type=\"column\" data-e-type=\"column\">\n\t\t\t<div class=\"elementor-widget-wrap elementor-element-populated\">\n\t\t\t\t\t\t<div class=\"elementor-element elementor-element-79451ed elementor-widget elementor-widget-heading\" data-id=\"79451ed\" data-element_type=\"widget\" data-e-type=\"widget\" data-widget_type=\"heading.default\">\n\t\t\t\t<div class=\"elementor-widget-container\">\n\t\t\t\t\t<h2 class=\"elementor-heading-title elementor-size-default\">Informaci\u00f3n acerca de maestr\u00edas y especialidades medicas <\/h2>\t\t\t\t<\/div>\n\t\t\t\t<\/div>\n\t\t\t\t<div class=\"elementor-element elementor-element-518ecd0 elementor-widget elementor-widget-shortcode\" data-id=\"518ecd0\" data-element_type=\"widget\" data-e-type=\"widget\" data-widget_type=\"shortcode.default\">\n\t\t\t\t<div class=\"elementor-widget-container\">\n\t\t\t\t\t\t\t<div class=\"elementor-shortcode\"><div class=\"pt-cv-wrapper\"><h1 class='pt-cv-heading-container heading4' data-blockid='e03c93bx2o'><span class='pt-cv-heading'>  <\/span><\/h1><div class=\"pt-cv-view pt-cv-blockgrid iscvblock iscvhybrid grid1 layout1\" id=\"pt-cv-view-e03c93bx2o\"><div data-id=\"pt-cv-page-1\" class=\"pt-cv-page\" data-cvc=\"2\"><div class=\" pt-cv-content-item pt-cv-1-col\" ><div class=\"pt-cv-thumb-wrapper  \"><a href=\"https:\/\/elresidente.info\/educando\/convocatoria-a-posgrados-de-medicina-2024-2025-umg-mspas-igss-cmm\/\" class=\"_self pt-cv-href-thumbnail pt-cv-thumb-default\" target=\"_self\" ><img fetchpriority=\"high\" decoding=\"async\" width=\"315\" height=\"160\" src=\"https:\/\/i0.wp.com\/elresidente.info\/educando\/wp-content\/uploads\/2024\/06\/images.webp?fit=315%2C160&amp;ssl=1\" class=\"pt-cv-thumbnail\" alt=\"\" \/><\/a><div class=\"pt-cv-taxoterm over_bottom_right\"><a href='https:\/\/elresidente.info\/educando\/category\/universidad\/' title='Universidad' class='pt-cv-tax-universidad'>Universidad<\/a><\/div><\/div>\n<h4 class=\"pt-cv-title\"><a href=\"https:\/\/elresidente.info\/educando\/convocatoria-a-posgrados-de-medicina-2024-2025-umg-mspas-igss-cmm\/\" class=\"_self\" target=\"_self\" >Convocatoria a Posgrados de Medicina 2024-2025 UMG. MSPAS-IGSS-CMM<\/a><\/h4>\n<div class=\"pt-cv-content\">La Facultad de Ciencias M\u00e9dicas y de la Salud, en ...<br \/><div class=\"pt-cv-rmwrap\"><a href=\"https:\/\/elresidente.info\/educando\/convocatoria-a-posgrados-de-medicina-2024-2025-umg-mspas-igss-cmm\/\" class=\"_self pt-cv-readmore btn btn-success\" target=\"_self\">Leer M\u00e1s<\/a><\/div><\/div>\n<div class=\"pt-cv-meta-fields\"><span class=\"entry-date\"> <time datetime=\"2024-06-29T09:19:26-06:00\">29 de junio de 2024<\/time><\/span><span> \/ <\/span><span class=\"author\"> <a href=\"https:\/\/elresidente.info\/educando\/author\/byrock66\/\" rel=\"author\">El Residente<\/a><\/span><span> \/ <\/span><span class=\"comments-link\"> <a href=\"https:\/\/elresidente.info\/educando\/convocatoria-a-posgrados-de-medicina-2024-2025-umg-mspas-igss-cmm\/#respond\">No hay comentarios<span class=\"screen-reader-text\"> en Convocatoria a Posgrados de Medicina 2024-2025 UMG. MSPAS-IGSS-CMM<\/span><\/a><\/span><\/div><\/div>\n<div class=\" pt-cv-content-item pt-cv-1-col\" ><div class=\"pt-cv-thumb-wrapper  \"><a href=\"https:\/\/elresidente.info\/educando\/proceso-de-seleccion-residencia-medica-2024-2025-usac\/\" class=\"_self pt-cv-href-thumbnail pt-cv-thumb-default\" target=\"_self\" ><img decoding=\"async\" width=\"900\" height=\"900\" src=\"https:\/\/i0.wp.com\/elresidente.info\/educando\/wp-content\/uploads\/2024\/06\/logo.png?fit=900%2C900&amp;ssl=1\" class=\"pt-cv-thumbnail\" alt=\"\" \/><\/a><div class=\"pt-cv-taxoterm over_bottom_right\"><a href='https:\/\/elresidente.info\/educando\/category\/universidad\/' title='Universidad' class='pt-cv-tax-universidad'>Universidad<\/a><\/div><\/div>\n<h4 class=\"pt-cv-title\"><a href=\"https:\/\/elresidente.info\/educando\/proceso-de-seleccion-residencia-medica-2024-2025-usac\/\" class=\"_self\" target=\"_self\" >Proceso de Selecci\u00f3n. Residencia Medica. 2024-2025 USAC<\/a><\/h4>\n<div class=\"pt-cv-content\">Convocatoria proceso de selecci\u00f3n Informaci\u00f3n sobre la convocatoria abierta sobre ...<br \/><div class=\"pt-cv-rmwrap\"><a href=\"https:\/\/elresidente.info\/educando\/proceso-de-seleccion-residencia-medica-2024-2025-usac\/\" class=\"_self pt-cv-readmore btn btn-success\" target=\"_self\">Leer M\u00e1s<\/a><\/div><\/div>\n<div class=\"pt-cv-meta-fields\"><span class=\"entry-date\"> <time datetime=\"2024-06-11T09:24:25-06:00\">11 de junio de 2024<\/time><\/span><span> \/ <\/span><span class=\"author\"> <a href=\"https:\/\/elresidente.info\/educando\/author\/byrock66\/\" rel=\"author\">El Residente<\/a><\/span><span> \/ <\/span><span class=\"comments-link\"> <a href=\"https:\/\/elresidente.info\/educando\/proceso-de-seleccion-residencia-medica-2024-2025-usac\/#respond\">No hay comentarios<span class=\"screen-reader-text\"> en Proceso de Selecci\u00f3n. Residencia Medica. 2024-2025 USAC<\/span><\/a><\/span><\/div><\/div><\/div><\/div><\/div>\t\t\t<style type=\"text\/css\" id=\"pt-cv-inline-style-a70a182uj3\">\n#pt-cv-view-e03c93bx2o .pt-cv-thumb-wrapper:not(.miniwrap) {  }#pt-cv-view-e03c93bx2o .pt-cv-thumbnail:not(.pt-cv-thumbnailsm) { height: 300px; }#pt-cv-view-e03c93bx2o > .pt-cv-page {grid-template-columns: repeat(2, 1fr);grid-gap: 8px;}\n@media all and (max-width: 1024px) { \n#pt-cv-view-e03c93bx2o > .pt-cv-page {grid-template-columns: repeat(1, 1fr);}\n} \n@media all and (max-width: 767px) { \n#pt-cv-view-e03c93bx2o > .pt-cv-page {grid-template-columns: repeat(1, 1fr);}\n} <\/style>\r\n\t\t\t<\/div>\n\t\t\t\t\t\t<\/div>\n\t\t\t\t<\/div>\n\t\t\t\t\t<\/div>\n\t\t<\/div>\n\t\t\t\t\t<\/div>\n\t\t<\/section>\n\t\t\t\t<\/div>\n\t\t","protected":false},"excerpt":{"rendered":"<p>Informaci\u00f3n acerca de maestr\u00edas y especialidades medicas<\/p>\n","protected":false},"author":1,"featured_media":0,"parent":0,"menu_order":0,"comment_status":"closed","ping_status":"closed","template":"","meta":{"_monsterinsights_skip_tracking":false,"_monsterinsights_sitenote_active":false,"_monsterinsights_sitenote_note":"","_monsterinsights_sitenote_category":0,"footnotes":""},"class_list":["post-49363","page","type-page","status-publish","hentry"],"aioseo_notices":[],"jetpack-related-posts":[{"id":49412,"url":"https:\/\/elresidente.info\/educando\/universidad-2\/","url_meta":{"origin":49363,"position":0},"title":"Universidad","author":"El Residente","date":"11 de junio de 2024","format":false,"excerpt":"","rel":"","context":"Entrada similar","block_context":{"text":"Entrada similar","link":""},"img":{"alt_text":"","src":"","width":0,"height":0},"classes":[]},{"id":48170,"url":"https:\/\/elresidente.info\/educando\/","url_meta":{"origin":49363,"position":1},"title":"Inicio","author":"El Residente","date":"14 de agosto de 2022","format":false,"excerpt":"Educando <em>Las conferencias o los materiales escritos por s\u00ed solo no producen cambios en la pr\u00e1ctica del cl\u00ednico. El proceso de cambio es complejo (Davis, 2003), y con estas acciones s\u00f3lo se consigue crear conciencia en la necesidad de un cambio, el primer estadio para lograrlo.\u00a0<\/em><\/p> <h2>Educaci\u00f3n <br\/>M\u00e9dico Continua <\/h2>\u2026","rel":"","context":"Entrada similar","block_context":{"text":"Entrada similar","link":""},"img":{"alt_text":"","src":"https:\/\/i0.wp.com\/elresidente.info\/educando\/wp-content\/uploads\/2024\/03\/logo-residente-abril-23.png?resize=350%2C200&ssl=1","width":350,"height":200,"srcset":"https:\/\/i0.wp.com\/elresidente.info\/educando\/wp-content\/uploads\/2024\/03\/logo-residente-abril-23.png?resize=350%2C200&ssl=1 1x, https:\/\/i0.wp.com\/elresidente.info\/educando\/wp-content\/uploads\/2024\/03\/logo-residente-abril-23.png?resize=525%2C300&ssl=1 1.5x, https:\/\/i0.wp.com\/elresidente.info\/educando\/wp-content\/uploads\/2024\/03\/logo-residente-abril-23.png?resize=700%2C400&ssl=1 2x, https:\/\/i0.wp.com\/elresidente.info\/educando\/wp-content\/uploads\/2024\/03\/logo-residente-abril-23.png?resize=1050%2C600&ssl=1 3x, https:\/\/i0.wp.com\/elresidente.info\/educando\/wp-content\/uploads\/2024\/03\/logo-residente-abril-23.png?resize=1400%2C800&ssl=1 4x"},"classes":[]},{"id":1557,"url":"https:\/\/elresidente.info\/educando\/acerca-de-nosotros\/","url_meta":{"origin":49363,"position":2},"title":"Acerca de nosotros","author":"El Residente","date":"21 de agosto de 2022","format":false,"excerpt":"Acerca de nosotros Bienvenido a nuestra plataforma de aprendizaje educandoEl conocimiento no tiene limites. No conoce fronteras. Y estamos siempre en constante actualizaci\u00f3n. D\u00eda a d\u00eda nos llenan de informaci\u00f3n nueva, de informaci\u00f3n que cambia constantemente. Tenemos que estar al d\u00eda con el avance de la tecnolog\u00eda. Nuestro objetivo, es\u2026","rel":"","context":"Entrada similar","block_context":{"text":"Entrada similar","link":""},"img":{"alt_text":"","src":"https:\/\/i0.wp.com\/elresidente.info\/educando\/wp-content\/uploads\/2022\/08\/vector_3-1-6-1.png?resize=350%2C200&ssl=1","width":350,"height":200,"srcset":"https:\/\/i0.wp.com\/elresidente.info\/educando\/wp-content\/uploads\/2022\/08\/vector_3-1-6-1.png?resize=350%2C200&ssl=1 1x, https:\/\/i0.wp.com\/elresidente.info\/educando\/wp-content\/uploads\/2022\/08\/vector_3-1-6-1.png?resize=525%2C300&ssl=1 1.5x"},"classes":[]},{"id":49353,"url":"https:\/\/elresidente.info\/educando\/blog\/","url_meta":{"origin":49363,"position":3},"title":"Blog","author":"El Residente","date":"23 de mayo de 2024","format":false,"excerpt":"ECG interesantes de tu inter\u00e9s","rel":"","context":"Entrada similar","block_context":{"text":"Entrada similar","link":""},"img":{"alt_text":"","src":"","width":0,"height":0},"classes":[]},{"id":4474,"url":"https:\/\/elresidente.info\/educando\/inicio\/","url_meta":{"origin":49363,"position":4},"title":"Inicio","author":"El Residente","date":"6 de octubre de 2022","format":false,"excerpt":"EducandoFuturos profesionales Las conferencias magistrales o los materiales escritos por s\u00ed solos no producen cambios en la pr\u00e1ctica del cl\u00ednico. El proceso de cambio es complejo (Davis, 2003), y con estas acciones s\u00f3lo se consigue crear conciencia en la necesidad de un cambio, el primer estadio para lograrlo. Bienvenidos a:\u2026","rel":"","context":"Entrada similar","block_context":{"text":"Entrada similar","link":""},"img":{"alt_text":"","src":"https:\/\/i0.wp.com\/elresidente.info\/educando\/wp-content\/uploads\/2023\/01\/2021-07-29_11-25-36.png?resize=350%2C200&ssl=1","width":350,"height":200,"srcset":"https:\/\/i0.wp.com\/elresidente.info\/educando\/wp-content\/uploads\/2023\/01\/2021-07-29_11-25-36.png?resize=350%2C200&ssl=1 1x, https:\/\/i0.wp.com\/elresidente.info\/educando\/wp-content\/uploads\/2023\/01\/2021-07-29_11-25-36.png?resize=525%2C300&ssl=1 1.5x, https:\/\/i0.wp.com\/elresidente.info\/educando\/wp-content\/uploads\/2023\/01\/2021-07-29_11-25-36.png?resize=700%2C400&ssl=1 2x"},"classes":[]},{"id":2,"url":"https:\/\/elresidente.info\/educando\/pagina-ejemplo\/","url_meta":{"origin":49363,"position":5},"title":"P\u00e1gina de ejemplo","author":"El Residente","date":"29 de enero de 2023","format":false,"excerpt":"Esta es una p\u00e1gina de ejemplo. Es diferente a una entrada del blog porque permanecer\u00e1 en un solo lugar y aparecer\u00e1 en la navegaci\u00f3n de tu sitio (en la mayor\u00eda de los temas). La mayor\u00eda de las personas comienzan con una p\u00e1gina \u00abAcerca de\u00bb que les presenta a los visitantes\u2026","rel":"","context":"Entrada similar","block_context":{"text":"Entrada similar","link":""},"img":{"alt_text":"","src":"","width":0,"height":0},"classes":[]}],"jetpack_sharing_enabled":true,"_links":{"self":[{"href":"https:\/\/elresidente.info\/educando\/wp-json\/wp\/v2\/pages\/49363","targetHints":{"allow":["GET"]}}],"collection":[{"href":"https:\/\/elresidente.info\/educando\/wp-json\/wp\/v2\/pages"}],"about":[{"href":"https:\/\/elresidente.info\/educando\/wp-json\/wp\/v2\/types\/page"}],"author":[{"embeddable":true,"href":"https:\/\/elresidente.info\/educando\/wp-json\/wp\/v2\/users\/1"}],"replies":[{"embeddable":true,"href":"https:\/\/elresidente.info\/educando\/wp-json\/wp\/v2\/comments?post=49363"}],"version-history":[{"count":6,"href":"https:\/\/elresidente.info\/educando\/wp-json\/wp\/v2\/pages\/49363\/revisions"}],"predecessor-version":[{"id":49540,"href":"https:\/\/elresidente.info\/educando\/wp-json\/wp\/v2\/pages\/49363\/revisions\/49540"}],"wp:attachment":[{"href":"https:\/\/elresidente.info\/educando\/wp-json\/wp\/v2\/media?parent=49363"}],"curies":[{"name":"wp","href":"https:\/\/api.w.org\/{rel}","templated":true}]}}