{"id":49353,"date":"2024-05-23T15:35:14","date_gmt":"2024-05-23T15:35:14","guid":{"rendered":"https:\/\/elresidente.info\/educando\/?page_id=49353"},"modified":"2024-05-23T15:47:07","modified_gmt":"2024-05-23T15:47:07","slug":"blog","status":"publish","type":"page","link":"https:\/\/elresidente.info\/educando\/blog\/","title":{"rendered":"Blog"},"content":{"rendered":"\t\t<div data-elementor-type=\"wp-page\" data-elementor-id=\"49353\" class=\"elementor elementor-49353\">\n\t\t\t\t\t\t<section class=\"elementor-section elementor-top-section elementor-element elementor-element-a1ab9b0 elementor-section-boxed elementor-section-height-default elementor-section-height-default\" data-id=\"a1ab9b0\" data-element_type=\"section\" data-e-type=\"section\">\n\t\t\t\t\t\t<div class=\"elementor-container elementor-column-gap-default\">\n\t\t\t\t\t<div class=\"elementor-column elementor-col-100 elementor-top-column elementor-element elementor-element-9ffc1bf\" data-id=\"9ffc1bf\" data-element_type=\"column\" data-e-type=\"column\">\n\t\t\t<div class=\"elementor-widget-wrap elementor-element-populated\">\n\t\t\t\t\t\t<div class=\"elementor-element elementor-element-0704213 elementor-widget elementor-widget-heading\" data-id=\"0704213\" data-element_type=\"widget\" data-e-type=\"widget\" data-widget_type=\"heading.default\">\n\t\t\t\t<div class=\"elementor-widget-container\">\n\t\t\t\t\t<h2 class=\"elementor-heading-title elementor-size-default\">ECG interesantes de tu inter\u00e9s <\/h2>\t\t\t\t<\/div>\n\t\t\t\t<\/div>\n\t\t\t\t<div class=\"elementor-element elementor-element-b709880 elementor-widget elementor-widget-shortcode\" data-id=\"b709880\" data-element_type=\"widget\" data-e-type=\"widget\" data-widget_type=\"shortcode.default\">\n\t\t\t\t<div class=\"elementor-widget-container\">\n\t\t\t\t\t\t\t<div class=\"elementor-shortcode\"><div class=\"pt-cv-wrapper\"><h1 class='pt-cv-heading-container heading4' data-blockid='e964050gy9'><span class='pt-cv-heading'>  <\/span><\/h1><div class=\"pt-cv-view pt-cv-blockgrid iscvblock iscvhybrid grid1 layout1\" id=\"pt-cv-view-e964050gy9\"><div data-id=\"pt-cv-page-1\" class=\"pt-cv-page\" data-cvc=\"2\"><div class=\" pt-cv-content-item pt-cv-1-col\" ><div class=\"pt-cv-thumb-wrapper  \"><a href=\"https:\/\/elresidente.info\/educando\/ecg-03-09-2024\/\" class=\"_self pt-cv-href-thumbnail pt-cv-thumb-default\" target=\"_self\" ><img fetchpriority=\"high\" decoding=\"async\" width=\"900\" height=\"446\" src=\"https:\/\/i0.wp.com\/elresidente.info\/educando\/wp-content\/uploads\/2024\/09\/ekg-03-09-2024_page-0001.webp?fit=900%2C446&amp;ssl=1\" class=\"pt-cv-thumbnail\" alt=\"\" \/><\/a><div class=\"pt-cv-taxoterm over_bottom_right\"><a href='https:\/\/elresidente.info\/educando\/category\/cardiologia\/' title='Cardiolog\u00eda' class='pt-cv-tax-cardiologia'>Cardiolog\u00eda<\/a><\/div><\/div>\n<h4 class=\"pt-cv-title\"><a href=\"https:\/\/elresidente.info\/educando\/ecg-03-09-2024\/\" class=\"_self\" target=\"_self\" >ECG 03-09-2024<\/a><\/h4>\n<div class=\"pt-cv-content\">Paciente masculino de 55 a\u00f1os, consulta por dolor precordial, tipo opresivo, sin irradiaci\u00f3n a ninguna parte, toma analg\u00e9sico (dexketoprofeno), pero ...<br \/><div class=\"pt-cv-rmwrap\"><a href=\"https:\/\/elresidente.info\/educando\/ecg-03-09-2024\/\" class=\"_self pt-cv-readmore btn btn-success\" target=\"_self\">Leer M\u00e1s<\/a><\/div><\/div>\n<div class=\"pt-cv-meta-fields\"><span class=\"entry-date\"> <time datetime=\"2024-09-03T09:57:23-06:00\">3 de septiembre de 2024<\/time><\/span><span> \/ <\/span><span class=\"author\"> <a href=\"https:\/\/elresidente.info\/educando\/author\/byrock66\/\" rel=\"author\">El Residente<\/a><\/span><span> \/ <\/span><span class=\"comments-link\"> <a href=\"https:\/\/elresidente.info\/educando\/ecg-03-09-2024\/#respond\">No hay comentarios<span class=\"screen-reader-text\"> en ECG 03-09-2024<\/span><\/a><\/span><\/div><\/div>\n<div class=\" pt-cv-content-item pt-cv-1-col\" ><div class=\"pt-cv-thumb-wrapper  \"><a href=\"https:\/\/elresidente.info\/educando\/ecg-13-08-2024\/\" class=\"_self pt-cv-href-thumbnail pt-cv-thumb-default\" target=\"_self\" ><img decoding=\"async\" width=\"900\" height=\"507\" src=\"https:\/\/i0.wp.com\/elresidente.info\/educando\/wp-content\/uploads\/2024\/08\/ekg-13-08-2024_page-0001.webp?fit=900%2C507&amp;ssl=1\" class=\"pt-cv-thumbnail\" alt=\"\" \/><\/a><div class=\"pt-cv-taxoterm over_bottom_right\"><a href='https:\/\/elresidente.info\/educando\/category\/cardiologia\/' title='Cardiolog\u00eda' class='pt-cv-tax-cardiologia'>Cardiolog\u00eda<\/a><\/div><\/div>\n<h4 class=\"pt-cv-title\"><a href=\"https:\/\/elresidente.info\/educando\/ecg-13-08-2024\/\" class=\"_self\" target=\"_self\" >ECG 13-08-2024<\/a><\/h4>\n<div class=\"pt-cv-content\">Paciente masculino de 60 a\u00f1os, consulta por mareos de 2 d\u00edas de evoluci\u00f3n. Se realiza siguiente ECG de 12 derivaciones.\u00a0 ...<br \/><div class=\"pt-cv-rmwrap\"><a href=\"https:\/\/elresidente.info\/educando\/ecg-13-08-2024\/\" class=\"_self pt-cv-readmore btn btn-success\" target=\"_self\">Leer M\u00e1s<\/a><\/div><\/div>\n<div class=\"pt-cv-meta-fields\"><span class=\"entry-date\"> <time datetime=\"2024-08-13T09:16:59-06:00\">13 de agosto de 2024<\/time><\/span><span> \/ <\/span><span class=\"author\"> <a href=\"https:\/\/elresidente.info\/educando\/author\/byrock66\/\" rel=\"author\">El Residente<\/a><\/span><span> \/ <\/span><span class=\"comments-link\"> <a href=\"https:\/\/elresidente.info\/educando\/ecg-13-08-2024\/#respond\">No hay comentarios<span class=\"screen-reader-text\"> en ECG 13-08-2024<\/span><\/a><\/span><\/div><\/div>\n<div class=\" pt-cv-content-item pt-cv-1-col\" ><div class=\"pt-cv-thumb-wrapper  \"><a href=\"https:\/\/elresidente.info\/educando\/ecg-30-07-2024\/\" class=\"_self pt-cv-href-thumbnail pt-cv-thumb-default\" target=\"_self\" ><img decoding=\"async\" width=\"900\" height=\"497\" src=\"https:\/\/i0.wp.com\/elresidente.info\/educando\/wp-content\/uploads\/2024\/07\/ekg-30-07-2024_page-0001.webp?fit=900%2C497&amp;ssl=1\" class=\"pt-cv-thumbnail\" alt=\"\" \/><\/a><div class=\"pt-cv-taxoterm over_bottom_right\"><a href='https:\/\/elresidente.info\/educando\/category\/cardiologia\/' title='Cardiolog\u00eda' class='pt-cv-tax-cardiologia'>Cardiolog\u00eda<\/a><\/div><\/div>\n<h4 class=\"pt-cv-title\"><a href=\"https:\/\/elresidente.info\/educando\/ecg-30-07-2024\/\" class=\"_self\" target=\"_self\" >ECG 30-07-2024<\/a><\/h4>\n<div class=\"pt-cv-content\">Paciente masculino de 60 a\u00f1os. Consulta por disnea y dolor precordial de 1 de evoluci\u00f3n. Se realiza ECG de 12 ...<br \/><div class=\"pt-cv-rmwrap\"><a href=\"https:\/\/elresidente.info\/educando\/ecg-30-07-2024\/\" class=\"_self pt-cv-readmore btn btn-success\" target=\"_self\">Leer M\u00e1s<\/a><\/div><\/div>\n<div class=\"pt-cv-meta-fields\"><span class=\"entry-date\"> <time datetime=\"2024-07-30T09:45:46-06:00\">30 de julio de 2024<\/time><\/span><span> \/ <\/span><span class=\"author\"> <a href=\"https:\/\/elresidente.info\/educando\/author\/byrock66\/\" rel=\"author\">El Residente<\/a><\/span><span> \/ <\/span><span class=\"comments-link\"> <a href=\"https:\/\/elresidente.info\/educando\/ecg-30-07-2024\/#respond\">No hay comentarios<span class=\"screen-reader-text\"> en ECG 30-07-2024<\/span><\/a><\/span><\/div><\/div>\n<div class=\" pt-cv-content-item pt-cv-1-col\" ><div class=\"pt-cv-thumb-wrapper  \"><a href=\"https:\/\/elresidente.info\/educando\/ecg-16-07-2024\/\" class=\"_self pt-cv-href-thumbnail pt-cv-thumb-default\" target=\"_self\" ><img loading=\"lazy\" decoding=\"async\" width=\"900\" height=\"547\" src=\"https:\/\/i0.wp.com\/elresidente.info\/educando\/wp-content\/uploads\/2024\/07\/ekg-16-07-2024_page-0001.webp?fit=900%2C547&amp;ssl=1\" class=\"pt-cv-thumbnail\" alt=\"\" \/><\/a><div class=\"pt-cv-taxoterm over_bottom_right\"><a href='https:\/\/elresidente.info\/educando\/category\/cardiologia\/' title='Cardiolog\u00eda' class='pt-cv-tax-cardiologia'>Cardiolog\u00eda<\/a><\/div><\/div>\n<h4 class=\"pt-cv-title\"><a href=\"https:\/\/elresidente.info\/educando\/ecg-16-07-2024\/\" class=\"_self\" target=\"_self\" >ECG 16-07-2024<\/a><\/h4>\n<div class=\"pt-cv-content\">Paciente femenino de 3 a\u00f1os, ingresada en servicio de intensivo pedi\u00e1trico. S\u00fabitamente inicia con la siguiente arritmia. Se realiza ECG ...<br \/><div class=\"pt-cv-rmwrap\"><a href=\"https:\/\/elresidente.info\/educando\/ecg-16-07-2024\/\" class=\"_self pt-cv-readmore btn btn-success\" target=\"_self\">Leer M\u00e1s<\/a><\/div><\/div>\n<div class=\"pt-cv-meta-fields\"><span class=\"entry-date\"> <time datetime=\"2024-07-16T13:30:33-06:00\">16 de julio de 2024<\/time><\/span><span> \/ <\/span><span class=\"author\"> <a href=\"https:\/\/elresidente.info\/educando\/author\/byrock66\/\" rel=\"author\">El Residente<\/a><\/span><span> \/ <\/span><span class=\"comments-link\"> <a href=\"https:\/\/elresidente.info\/educando\/ecg-16-07-2024\/#respond\">No hay comentarios<span class=\"screen-reader-text\"> en ECG 16-07-2024<\/span><\/a><\/span><\/div><\/div>\n<div class=\" pt-cv-content-item pt-cv-1-col\" ><div class=\"pt-cv-thumb-wrapper  \"><a href=\"https:\/\/elresidente.info\/educando\/ecg-02-07-2024\/\" class=\"_self pt-cv-href-thumbnail pt-cv-thumb-default\" target=\"_self\" ><img loading=\"lazy\" decoding=\"async\" width=\"900\" height=\"544\" src=\"https:\/\/i0.wp.com\/elresidente.info\/educando\/wp-content\/uploads\/2024\/07\/ekg-02-07-2024_page-0001.webp?fit=900%2C544&amp;ssl=1\" class=\"pt-cv-thumbnail\" alt=\"\" \/><\/a><div class=\"pt-cv-taxoterm over_bottom_right\"><a href='https:\/\/elresidente.info\/educando\/category\/cardiologia\/' title='Cardiolog\u00eda' class='pt-cv-tax-cardiologia'>Cardiolog\u00eda<\/a><\/div><\/div>\n<h4 class=\"pt-cv-title\"><a href=\"https:\/\/elresidente.info\/educando\/ecg-02-07-2024\/\" class=\"_self\" target=\"_self\" >ECG 02-07-2024<\/a><\/h4>\n<div class=\"pt-cv-content\">Paciente masculino de 64 a\u00f1os, consulta por disnea de 3 d\u00edas de evoluci\u00f3n. Antecedente de DM tipo 2, HTA, ERC ...<br \/><div class=\"pt-cv-rmwrap\"><a href=\"https:\/\/elresidente.info\/educando\/ecg-02-07-2024\/\" class=\"_self pt-cv-readmore btn btn-success\" target=\"_self\">Leer M\u00e1s<\/a><\/div><\/div>\n<div class=\"pt-cv-meta-fields\"><span class=\"entry-date\"> <time datetime=\"2024-07-02T09:38:33-06:00\">2 de julio de 2024<\/time><\/span><span> \/ <\/span><span class=\"author\"> <a href=\"https:\/\/elresidente.info\/educando\/author\/byrock66\/\" rel=\"author\">El Residente<\/a><\/span><span> \/ <\/span><span class=\"comments-link\"> <a href=\"https:\/\/elresidente.info\/educando\/ecg-02-07-2024\/#respond\">No hay comentarios<span class=\"screen-reader-text\"> en ECG 02-07-2024<\/span><\/a><\/span><\/div><\/div>\n<div class=\" pt-cv-content-item pt-cv-1-col\" ><div class=\"pt-cv-thumb-wrapper  \"><a href=\"https:\/\/elresidente.info\/educando\/ecg-27-06-2024\/\" class=\"_self pt-cv-href-thumbnail pt-cv-thumb-default\" target=\"_self\" ><img loading=\"lazy\" decoding=\"async\" width=\"900\" height=\"499\" src=\"https:\/\/i0.wp.com\/elresidente.info\/educando\/wp-content\/uploads\/2024\/06\/ekg-27-06-2024_page-0001.jpg?fit=900%2C499&amp;ssl=1\" class=\"pt-cv-thumbnail\" alt=\"\" \/><\/a><div class=\"pt-cv-taxoterm over_bottom_right\"><a href='https:\/\/elresidente.info\/educando\/category\/cardiologia\/' title='Cardiolog\u00eda' class='pt-cv-tax-cardiologia'>Cardiolog\u00eda<\/a><\/div><\/div>\n<h4 class=\"pt-cv-title\"><a href=\"https:\/\/elresidente.info\/educando\/ecg-27-06-2024\/\" class=\"_self\" target=\"_self\" >ECG 27-06-2024<\/a><\/h4>\n<div class=\"pt-cv-content\">Paciente femenino de 23 a\u00f1os, consulta por palpitaciones desde hace 1 mes, sin darle importancia.\u00a0 Sin embargo, estando en casa, ...<br \/><div class=\"pt-cv-rmwrap\"><a href=\"https:\/\/elresidente.info\/educando\/ecg-27-06-2024\/\" class=\"_self pt-cv-readmore btn btn-success\" target=\"_self\">Leer M\u00e1s<\/a><\/div><\/div>\n<div class=\"pt-cv-meta-fields\"><span class=\"entry-date\"> <time datetime=\"2024-06-27T08:58:02-06:00\">27 de junio de 2024<\/time><\/span><span> \/ <\/span><span class=\"author\"> <a href=\"https:\/\/elresidente.info\/educando\/author\/byrock66\/\" rel=\"author\">El Residente<\/a><\/span><span> \/ <\/span><span class=\"comments-link\"> <a href=\"https:\/\/elresidente.info\/educando\/ecg-27-06-2024\/#respond\">No hay comentarios<span class=\"screen-reader-text\"> en ECG 27-06-2024<\/span><\/a><\/span><\/div><\/div>\n<div class=\" pt-cv-content-item pt-cv-1-col\" ><div class=\"pt-cv-thumb-wrapper  \"><a href=\"https:\/\/elresidente.info\/educando\/ecg-18-06-2024\/\" class=\"_self pt-cv-href-thumbnail pt-cv-thumb-default\" target=\"_self\" ><img loading=\"lazy\" decoding=\"async\" width=\"900\" height=\"468\" src=\"https:\/\/i0.wp.com\/elresidente.info\/educando\/wp-content\/uploads\/2024\/06\/ekg-18-06-2024_page-0001.jpg?fit=900%2C468&amp;ssl=1\" class=\"pt-cv-thumbnail\" alt=\"\" \/><\/a><div class=\"pt-cv-taxoterm over_bottom_right\"><a href='https:\/\/elresidente.info\/educando\/category\/cardiologia\/' title='Cardiolog\u00eda' class='pt-cv-tax-cardiologia'>Cardiolog\u00eda<\/a><\/div><\/div>\n<h4 class=\"pt-cv-title\"><a href=\"https:\/\/elresidente.info\/educando\/ecg-18-06-2024\/\" class=\"_self\" target=\"_self\" >ECG 18-06-2024<\/a><\/h4>\n<div class=\"pt-cv-content\">Paciente masculino de 66 a\u00f1os, se encontraba jugando foot ball. Despues de terminar de jugar, inicia con dolor precordial, y ...<br \/><div class=\"pt-cv-rmwrap\"><a href=\"https:\/\/elresidente.info\/educando\/ecg-18-06-2024\/\" class=\"_self pt-cv-readmore btn btn-success\" target=\"_self\">Leer M\u00e1s<\/a><\/div><\/div>\n<div class=\"pt-cv-meta-fields\"><span class=\"entry-date\"> <time datetime=\"2024-06-18T09:07:26-06:00\">18 de junio de 2024<\/time><\/span><span> \/ <\/span><span class=\"author\"> <a href=\"https:\/\/elresidente.info\/educando\/author\/byrock66\/\" rel=\"author\">El Residente<\/a><\/span><span> \/ <\/span><span class=\"comments-link\"> <a href=\"https:\/\/elresidente.info\/educando\/ecg-18-06-2024\/#respond\">No hay comentarios<span class=\"screen-reader-text\"> en ECG 18-06-2024<\/span><\/a><\/span><\/div><\/div>\n<div class=\" pt-cv-content-item pt-cv-1-col\" ><div class=\"pt-cv-thumb-wrapper  \"><a href=\"https:\/\/elresidente.info\/educando\/ecg-04-06-2024\/\" class=\"_self pt-cv-href-thumbnail pt-cv-thumb-default\" target=\"_self\" ><img loading=\"lazy\" decoding=\"async\" width=\"900\" height=\"474\" src=\"https:\/\/i0.wp.com\/elresidente.info\/educando\/wp-content\/uploads\/2024\/06\/ekg-04-06-2024_page-0001.jpg?fit=900%2C474&amp;ssl=1\" class=\"pt-cv-thumbnail\" alt=\"\" \/><\/a><div class=\"pt-cv-taxoterm over_bottom_right\"><a href='https:\/\/elresidente.info\/educando\/category\/cardiologia\/' title='Cardiolog\u00eda' class='pt-cv-tax-cardiologia'>Cardiolog\u00eda<\/a><\/div><\/div>\n<h4 class=\"pt-cv-title\"><a href=\"https:\/\/elresidente.info\/educando\/ecg-04-06-2024\/\" class=\"_self\" target=\"_self\" >ECG 04-06-2024<\/a><\/h4>\n<div class=\"pt-cv-content\">Paciente masculino de 65 a\u00f1os, consulta a emergencia por cefalea occipital, sin otro s\u00edntoma asociado. Antecedente de ser Hipertenso, sin ...<br \/><div class=\"pt-cv-rmwrap\"><a href=\"https:\/\/elresidente.info\/educando\/ecg-04-06-2024\/\" class=\"_self pt-cv-readmore btn btn-success\" target=\"_self\">Leer M\u00e1s<\/a><\/div><\/div>\n<div class=\"pt-cv-meta-fields\"><span class=\"entry-date\"> <time datetime=\"2024-06-04T09:57:56-06:00\">4 de junio de 2024<\/time><\/span><span> \/ <\/span><span class=\"author\"> <a href=\"https:\/\/elresidente.info\/educando\/author\/byrock66\/\" rel=\"author\">El Residente<\/a><\/span><span> \/ <\/span><span class=\"comments-link\"> <a href=\"https:\/\/elresidente.info\/educando\/ecg-04-06-2024\/#respond\">No hay comentarios<span class=\"screen-reader-text\"> en ECG 04-06-2024<\/span><\/a><\/span><\/div><\/div><\/div><\/div>\n<div class=\" pt-cv-pagination-wrapper\"><ul class=\"pt-cv-pagination pt-cv-ajax pagination\" data-totalpages=\"4\" data-currentpage=\"1\" data-sid=\"e964050gy9\" data-unid=\"\" data-isblock=\"\" data-postid=\"\"><li class=\"active\"><a href=\"#\">1<\/a><\/li>\n\t<li ><a class=\"\" href=\"https:\/\/elresidente.info\/educando\/wp-json\/wp\/v2\/pages\/49353\/?_page=2\">2<\/a><\/li>\n\t<li ><a class=\"\" href=\"https:\/\/elresidente.info\/educando\/wp-json\/wp\/v2\/pages\/49353\/?_page=3\">3<\/a><\/li>\n\t<li ><a class=\"\" href=\"https:\/\/elresidente.info\/educando\/wp-json\/wp\/v2\/pages\/49353\/?_page=4\">4<\/a><\/li>\n\t<li ><a class=\" \" href=\"https:\/\/elresidente.info\/educando\/wp-json\/wp\/v2\/pages\/49353\/?_page=2\">&rsaquo;<\/a><\/li>\n\t<\/ul><img loading=\"lazy\" decoding=\"async\" width=\"15\" height=\"15\" class=\"pt-cv-spinner\" alt=\"Cargando...\" src=\"data:image\/gif;base64,R0lGODlhDwAPALMPAMrKygwMDJOTkz09PZWVla+vr3p6euTk5M7OzuXl5TMzMwAAAJmZmWZmZszMzP\/\/\/yH\/C05FVFNDQVBFMi4wAwEAAAAh+QQFCgAPACwAAAAADwAPAAAEQvDJaZaZOIcV8iQK8VRX4iTYoAwZ4iCYoAjZ4RxejhVNoT+mRGP4cyF4Pp0N98sBGIBMEMOotl6YZ3S61Bmbkm4mAgAh+QQFCgAPACwAAAAADQANAAAENPDJSRSZeA418itN8QiK8BiLITVsFiyBBIoYqnoewAD4xPw9iY4XLGYSjkQR4UAUD45DLwIAIfkEBQoADwAsAAAAAA8ACQAABC\/wyVlamTi3nSdgwFNdhEJgTJoNyoB9ISYoQmdjiZPcj7EYCAeCF1gEDo4Dz2eIAAAh+QQFCgAPACwCAAAADQANAAAEM\/DJBxiYeLKdX3IJZT1FU0iIg2RNKx3OkZVnZ98ToRD4MyiDnkAh6BkNC0MvsAj0kMpHBAAh+QQFCgAPACwGAAAACQAPAAAEMDC59KpFDll73HkAA2wVY5KgiK5b0RRoI6MuzG6EQqCDMlSGheEhUAgqgUUAFRySIgAh+QQFCgAPACwCAAIADQANAAAEM\/DJKZNLND\/kkKaHc3xk+QAMYDKsiaqmZCxGVjSFFCxB1vwy2oOgIDxuucxAMTAJFAJNBAAh+QQFCgAPACwAAAYADwAJAAAEMNAs86q1yaWwwv2Ig0jUZx3OYa4XoRAfwADXoAwfo1+CIjyFRuEho60aSNYlOPxEAAAh+QQFCgAPACwAAAIADQANAAAENPA9s4y8+IUVcqaWJ4qEQozSoAzoIyhCK2NFU2SJk0hNnyEOhKR2AzAAj4Pj4GE4W0bkJQIAOw==\" \/><div class=\"clear pt-cv-clear-pagination\"><\/div><\/div><\/div>\t\t\t<style type=\"text\/css\" id=\"pt-cv-inline-style-52920cd7we\">\n#pt-cv-view-e964050gy9 .pt-cv-thumb-wrapper:not(.miniwrap) {  }#pt-cv-view-e964050gy9 .pt-cv-thumbnail:not(.pt-cv-thumbnailsm) { height: 300px; }#pt-cv-view-e964050gy9 > .pt-cv-page {grid-template-columns: repeat(2, 1fr);grid-gap: 20px;}\n@media all and (max-width: 1024px) { \n#pt-cv-view-e964050gy9 > .pt-cv-page {grid-template-columns: repeat(1, 1fr);}\n} \n@media all and (max-width: 767px) { \n#pt-cv-view-e964050gy9 > .pt-cv-page {grid-template-columns: repeat(1, 1fr);}\n} <\/style>\r\n\t\t\t<\/div>\n\t\t\t\t\t\t<\/div>\n\t\t\t\t<\/div>\n\t\t\t\t\t<\/div>\n\t\t<\/div>\n\t\t\t\t\t<\/div>\n\t\t<\/section>\n\t\t\t\t<\/div>\n\t\t","protected":false},"excerpt":{"rendered":"<p>ECG interesantes de tu inter\u00e9s<\/p>\n","protected":false},"author":1,"featured_media":0,"parent":0,"menu_order":0,"comment_status":"closed","ping_status":"closed","template":"","meta":{"_monsterinsights_skip_tracking":false,"_monsterinsights_sitenote_active":false,"_monsterinsights_sitenote_note":"","_monsterinsights_sitenote_category":0,"footnotes":""},"class_list":["post-49353","page","type-page","status-publish","hentry"],"aioseo_notices":[],"jetpack-related-posts":[{"id":48170,"url":"https:\/\/elresidente.info\/educando\/","url_meta":{"origin":49353,"position":0},"title":"Inicio","author":"El Residente","date":"14 de agosto de 2022","format":false,"excerpt":"Educando <em>Las conferencias o los materiales escritos por s\u00ed solo no producen cambios en la pr\u00e1ctica del cl\u00ednico. El proceso de cambio es complejo (Davis, 2003), y con estas acciones s\u00f3lo se consigue crear conciencia en la necesidad de un cambio, el primer estadio para lograrlo.\u00a0<\/em><\/p> <h2>Educaci\u00f3n <br\/>M\u00e9dico Continua <\/h2>\u2026","rel":"","context":"Entrada similar","block_context":{"text":"Entrada similar","link":""},"img":{"alt_text":"","src":"https:\/\/i0.wp.com\/elresidente.info\/educando\/wp-content\/uploads\/2024\/03\/logo-residente-abril-23.png?resize=350%2C200&ssl=1","width":350,"height":200,"srcset":"https:\/\/i0.wp.com\/elresidente.info\/educando\/wp-content\/uploads\/2024\/03\/logo-residente-abril-23.png?resize=350%2C200&ssl=1 1x, https:\/\/i0.wp.com\/elresidente.info\/educando\/wp-content\/uploads\/2024\/03\/logo-residente-abril-23.png?resize=525%2C300&ssl=1 1.5x, https:\/\/i0.wp.com\/elresidente.info\/educando\/wp-content\/uploads\/2024\/03\/logo-residente-abril-23.png?resize=700%2C400&ssl=1 2x, https:\/\/i0.wp.com\/elresidente.info\/educando\/wp-content\/uploads\/2024\/03\/logo-residente-abril-23.png?resize=1050%2C600&ssl=1 3x, https:\/\/i0.wp.com\/elresidente.info\/educando\/wp-content\/uploads\/2024\/03\/logo-residente-abril-23.png?resize=1400%2C800&ssl=1 4x"},"classes":[]},{"id":2722,"url":"https:\/\/elresidente.info\/educando\/event-details\/","url_meta":{"origin":49353,"position":1},"title":"Event Details","author":"El Residente","date":"25 de agosto de 2022","format":false,"excerpt":"Event Description Proactively enable reliable partnerships whereas process-centric potentialities. Authoritatively integrate covalent vortals whereas virtual markets Competently empower customized customer service with standards compliants infrastructures. Energistically deliver integrated e-tailers after reliable technologies. Conveniently customize dynamic architectures with high quality commerce Efficiently productize just in time process improvements whereas transparent action\u2026","rel":"","context":"Entrada similar","block_context":{"text":"Entrada similar","link":""},"img":{"alt_text":"","src":"","width":0,"height":0},"classes":[]},{"id":4689,"url":"https:\/\/elresidente.info\/educando\/home-six\/","url_meta":{"origin":49353,"position":2},"title":"Home Six","author":"El Residente","date":"20 de noviembre de 2022","format":false,"excerpt":"UNIVERSITY Admission Open for 2023 The Best University Objectively initiate professional relationships before scalable total linkage. Holisticly matrix enterprise architectures vis-a-vis effective users. Apply now Learn More UNIVERSITY Started Admission On June Best Institution Objectively initiate professional relationships before scalable total linkage. Holisticly matrix enterprise architectures vis-a-vis effective users. Apply\u2026","rel":"","context":"Entrada similar","block_context":{"text":"Entrada similar","link":""},"img":{"alt_text":"","src":"https:\/\/i0.wp.com\/elresidente.info\/educando\/wp-content\/uploads\/2022\/11\/vector_4-1.png?resize=350%2C200&ssl=1","width":350,"height":200,"srcset":"https:\/\/i0.wp.com\/elresidente.info\/educando\/wp-content\/uploads\/2022\/11\/vector_4-1.png?resize=350%2C200&ssl=1 1x, https:\/\/i0.wp.com\/elresidente.info\/educando\/wp-content\/uploads\/2022\/11\/vector_4-1.png?resize=525%2C300&ssl=1 1.5x"},"classes":[]},{"id":166,"url":"https:\/\/elresidente.info\/educando\/home-seven\/","url_meta":{"origin":49353,"position":3},"title":"Home Seven","author":"El Residente","date":"7 de agosto de 2022","format":false,"excerpt":"Enjoying with Acadu best learning platformFind your best career & getopportunity for your future.World class learning for anyone, anywhere for Increasing Knowledge. Let your creativity shine and start bighting your future today and impress your audiences.Explore CoursesWatch VideoStarting with Acadu best learning CenterGet your best career bypracticing with AcaduWorld class\u2026","rel":"","context":"Entrada similar","block_context":{"text":"Entrada similar","link":""},"img":{"alt_text":"","src":"https:\/\/i0.wp.com\/elresidente.info\/educando\/wp-content\/uploads\/2022\/09\/notification-6-1.png?resize=350%2C200&ssl=1","width":350,"height":200},"classes":[]},{"id":4498,"url":"https:\/\/elresidente.info\/educando\/home-two\/","url_meta":{"origin":49353,"position":4},"title":"Home Two","author":"El Residente","date":"6 de octubre de 2022","format":false,"excerpt":"Let\u2019s StartedLearning Skills & Upgrade Your LifeExperts Advisors538+ CoursesEvents & ProgramGet StartedOur Courses Our Course CategoriesExplore Top Categories Web DevelopmentGlobally maintain magnetic process with model foster data after ubiuitous architectures.Learn MoreDigital MarketingGlobally maintain magnetic process with model foster data after ubiuitous architectures.Learn MoreUI\/UX DesignGlobally maintain magnetic process with model foster\u2026","rel":"","context":"Entrada similar","block_context":{"text":"Entrada similar","link":""},"img":{"alt_text":"","src":"https:\/\/i0.wp.com\/angfuzsoft.com\/wordpress\/test\/wp-content\/uploads\/2019\/05\/course7-1-6-1-384x280.jpg?resize=350%2C200&ssl=1","width":350,"height":200},"classes":[]},{"id":5513,"url":"https:\/\/elresidente.info\/educando\/home-two-rtl\/","url_meta":{"origin":49353,"position":5},"title":"Home Two &#8211; RTL","author":"El Residente","date":"28 de noviembre de 2022","format":false,"excerpt":"Let\u2019s StartedLearning Skills & Upgrade Your LifeExperts Advisors538+ CoursesEvents & ProgramGet StartedOur Courses Our Course CategoriesExplore Top Categories Web DevelopmentGlobally maintain magnetic process with model foster data after ubiuitous architectures.Learn MoreDigital MarketingGlobally maintain magnetic process with model foster data after ubiuitous architectures.Learn MoreUI\/UX DesignGlobally maintain magnetic process with model foster\u2026","rel":"","context":"Entrada similar","block_context":{"text":"Entrada similar","link":""},"img":{"alt_text":"","src":"https:\/\/i0.wp.com\/angfuzsoft.com\/wordpress\/test\/wp-content\/uploads\/2019\/05\/course7-1-6-384x280.jpg?resize=350%2C200&ssl=1","width":350,"height":200},"classes":[]}],"jetpack_sharing_enabled":true,"_links":{"self":[{"href":"https:\/\/elresidente.info\/educando\/wp-json\/wp\/v2\/pages\/49353","targetHints":{"allow":["GET"]}}],"collection":[{"href":"https:\/\/elresidente.info\/educando\/wp-json\/wp\/v2\/pages"}],"about":[{"href":"https:\/\/elresidente.info\/educando\/wp-json\/wp\/v2\/types\/page"}],"author":[{"embeddable":true,"href":"https:\/\/elresidente.info\/educando\/wp-json\/wp\/v2\/users\/1"}],"replies":[{"embeddable":true,"href":"https:\/\/elresidente.info\/educando\/wp-json\/wp\/v2\/comments?post=49353"}],"version-history":[{"count":4,"href":"https:\/\/elresidente.info\/educando\/wp-json\/wp\/v2\/pages\/49353\/revisions"}],"predecessor-version":[{"id":49359,"href":"https:\/\/elresidente.info\/educando\/wp-json\/wp\/v2\/pages\/49353\/revisions\/49359"}],"wp:attachment":[{"href":"https:\/\/elresidente.info\/educando\/wp-json\/wp\/v2\/media?parent=49353"}],"curies":[{"name":"wp","href":"https:\/\/api.w.org\/{rel}","templated":true}]}}