{"id":3639,"date":"2022-09-14T01:28:49","date_gmt":"2022-09-14T01:28:49","guid":{"rendered":"https:\/\/angfuzsoft.com\/themeforest\/wordpress\/fresh\/?page_id=3639"},"modified":"2023-04-02T01:35:20","modified_gmt":"2023-04-02T01:35:20","slug":"contactanos","status":"publish","type":"page","link":"https:\/\/elresidente.info\/educando\/contactanos\/","title":{"rendered":"Cont\u00e1ctanos"},"content":{"rendered":"\t\t<div data-elementor-type=\"wp-page\" data-elementor-id=\"3639\" class=\"elementor elementor-3639\">\n\t\t\t\t\t\t<section class=\"elementor-section elementor-top-section elementor-element elementor-element-0404aff elementor-section-full_width elementor-section-height-default elementor-section-height-default\" data-id=\"0404aff\" data-element_type=\"section\" data-e-type=\"section\">\n\t\t\t\t\t\t<div class=\"elementor-container elementor-column-gap-no\">\n\t\t\t\t\t<div class=\"elementor-column elementor-col-100 elementor-top-column elementor-element elementor-element-572cb29\" data-id=\"572cb29\" data-element_type=\"column\" data-e-type=\"column\">\n\t\t\t<div class=\"elementor-widget-wrap elementor-element-populated\">\n\t\t\t\t\t\t<div class=\"elementor-element elementor-element-2fab407 elementor-widget elementor-widget-google_maps\" data-id=\"2fab407\" data-element_type=\"widget\" data-e-type=\"widget\" data-widget_type=\"google_maps.default\">\n\t\t\t\t<div class=\"elementor-widget-container\">\n\t\t\t\t\t\t\t<div class=\"elementor-custom-embed\">\n\t\t\t<iframe loading=\"lazy\"\n\t\t\t\t\tsrc=\"https:\/\/maps.google.com\/maps?q=coban%20zona%204%20&#038;t=m&#038;z=13&#038;output=embed&#038;iwloc=near\"\n\t\t\t\t\ttitle=\"coban zona 4 \"\n\t\t\t\t\taria-label=\"coban zona 4 \"\n\t\t\t><\/iframe>\n\t\t<\/div>\n\t\t\t\t\t\t<\/div>\n\t\t\t\t<\/div>\n\t\t\t\t\t<\/div>\n\t\t<\/div>\n\t\t\t\t\t<\/div>\n\t\t<\/section>\n\t\t\t\t<section class=\"elementor-section elementor-top-section elementor-element elementor-element-39a5901 elementor-section-boxed elementor-section-height-default elementor-section-height-default\" data-id=\"39a5901\" data-element_type=\"section\" data-e-type=\"section\">\n\t\t\t\t\t\t<div class=\"elementor-container elementor-column-gap-default\">\n\t\t\t\t\t<div class=\"elementor-column elementor-col-100 elementor-top-column elementor-element elementor-element-7417b35\" data-id=\"7417b35\" data-element_type=\"column\" data-e-type=\"column\">\n\t\t\t<div class=\"elementor-widget-wrap\">\n\t\t\t\t\t\t\t<\/div>\n\t\t<\/div>\n\t\t\t\t\t<\/div>\n\t\t<\/section>\n\t\t\t\t<section class=\"elementor-section elementor-top-section elementor-element elementor-element-42cd7a0 elementor-section-full_width elementor-section-height-default elementor-section-height-default\" data-id=\"42cd7a0\" data-element_type=\"section\" data-e-type=\"section\">\n\t\t\t\t\t\t<div class=\"elementor-container elementor-column-gap-no\">\n\t\t\t\t\t<div class=\"elementor-column elementor-col-100 elementor-top-column elementor-element elementor-element-c551905\" data-id=\"c551905\" data-element_type=\"column\" data-e-type=\"column\">\n\t\t\t<div class=\"elementor-widget-wrap\">\n\t\t\t\t\t\t\t<\/div>\n\t\t<\/div>\n\t\t\t\t\t<\/div>\n\t\t<\/section>\n\t\t\t\t<\/div>\n\t\t","protected":false},"excerpt":{"rendered":"<p>Cont\u00e1ctanos \u00bfTiene una consulta o alg\u00fan comentario para nosotros? Rellene el siguiente formulario para ponerse en contacto con nuestro equipo. por favor cont\u00e1ctenos en info@elresidente.info Nuestra direcci\u00f3n Cob\u00e1n. AV Tel\u00e9fono +502 4135-2738 Horarios de Atenci\u00f3n Lunes a Viernes: 09:00 &#8211; 16:00 hrsS\u00e1bados: 10:00 &#8211; 14:00 Escr\u00edbenos \u00bfTiene una consulta o alg\u00fan comentario para nosotros? Rellene<a href=\"https:\/\/elresidente.info\/educando\/contactanos\/\" class=\"more-link\"><span class=\"screen-reader-text\">Cont\u00e1ctanos<\/span><\/a><\/p>\n","protected":false},"author":1,"featured_media":0,"parent":0,"menu_order":0,"comment_status":"closed","ping_status":"closed","template":"template-builder.php","meta":{"_monsterinsights_skip_tracking":false,"_monsterinsights_sitenote_active":false,"_monsterinsights_sitenote_note":"","_monsterinsights_sitenote_category":0,"footnotes":""},"class_list":["post-3639","page","type-page","status-publish","hentry"],"aioseo_notices":[],"jetpack-related-posts":[{"id":2722,"url":"https:\/\/elresidente.info\/educando\/event-details\/","url_meta":{"origin":3639,"position":0},"title":"Event Details","author":"El Residente","date":"25 de agosto de 2022","format":false,"excerpt":"Event Description Proactively enable reliable partnerships whereas process-centric potentialities. Authoritatively integrate covalent vortals whereas virtual markets Competently empower customized customer service with standards compliants infrastructures. Energistically deliver integrated e-tailers after reliable technologies. Conveniently customize dynamic architectures with high quality commerce Efficiently productize just in time process improvements whereas transparent action\u2026","rel":"","context":"Entrada similar","block_context":{"text":"Entrada similar","link":""},"img":{"alt_text":"","src":"","width":0,"height":0},"classes":[]},{"id":4474,"url":"https:\/\/elresidente.info\/educando\/inicio\/","url_meta":{"origin":3639,"position":1},"title":"Inicio","author":"El Residente","date":"6 de octubre de 2022","format":false,"excerpt":"EducandoFuturos profesionales Las conferencias magistrales o los materiales escritos por s\u00ed solos no producen cambios en la pr\u00e1ctica del cl\u00ednico. El proceso de cambio es complejo (Davis, 2003), y con estas acciones s\u00f3lo se consigue crear conciencia en la necesidad de un cambio, el primer estadio para lograrlo. Bienvenidos a:\u2026","rel":"","context":"Entrada similar","block_context":{"text":"Entrada similar","link":""},"img":{"alt_text":"","src":"https:\/\/i0.wp.com\/elresidente.info\/educando\/wp-content\/uploads\/2023\/01\/2021-07-29_11-25-36.png?resize=350%2C200&ssl=1","width":350,"height":200,"srcset":"https:\/\/i0.wp.com\/elresidente.info\/educando\/wp-content\/uploads\/2023\/01\/2021-07-29_11-25-36.png?resize=350%2C200&ssl=1 1x, https:\/\/i0.wp.com\/elresidente.info\/educando\/wp-content\/uploads\/2023\/01\/2021-07-29_11-25-36.png?resize=525%2C300&ssl=1 1.5x, https:\/\/i0.wp.com\/elresidente.info\/educando\/wp-content\/uploads\/2023\/01\/2021-07-29_11-25-36.png?resize=700%2C400&ssl=1 2x"},"classes":[]},{"id":49353,"url":"https:\/\/elresidente.info\/educando\/blog\/","url_meta":{"origin":3639,"position":2},"title":"Blog","author":"El Residente","date":"23 de mayo de 2024","format":false,"excerpt":"ECG interesantes de tu inter\u00e9s","rel":"","context":"Entrada similar","block_context":{"text":"Entrada similar","link":""},"img":{"alt_text":"","src":"","width":0,"height":0},"classes":[]},{"id":166,"url":"https:\/\/elresidente.info\/educando\/home-seven\/","url_meta":{"origin":3639,"position":3},"title":"Home Seven","author":"El Residente","date":"7 de agosto de 2022","format":false,"excerpt":"Enjoying with Acadu best learning platformFind your best career & getopportunity for your future.World class learning for anyone, anywhere for Increasing Knowledge. Let your creativity shine and start bighting your future today and impress your audiences.Explore CoursesWatch VideoStarting with Acadu best learning CenterGet your best career bypracticing with AcaduWorld class\u2026","rel":"","context":"Entrada similar","block_context":{"text":"Entrada similar","link":""},"img":{"alt_text":"","src":"https:\/\/i0.wp.com\/elresidente.info\/educando\/wp-content\/uploads\/2022\/09\/notification-6-1.png?resize=350%2C200&ssl=1","width":350,"height":200},"classes":[]},{"id":48170,"url":"https:\/\/elresidente.info\/educando\/","url_meta":{"origin":3639,"position":4},"title":"Inicio","author":"El Residente","date":"14 de agosto de 2022","format":false,"excerpt":"Educando <em>Las conferencias o los materiales escritos por s\u00ed solo no producen cambios en la pr\u00e1ctica del cl\u00ednico. El proceso de cambio es complejo (Davis, 2003), y con estas acciones s\u00f3lo se consigue crear conciencia en la necesidad de un cambio, el primer estadio para lograrlo.\u00a0<\/em><\/p> <h2>Educaci\u00f3n <br\/>M\u00e9dico Continua <\/h2>\u2026","rel":"","context":"Entrada similar","block_context":{"text":"Entrada similar","link":""},"img":{"alt_text":"","src":"https:\/\/i0.wp.com\/elresidente.info\/educando\/wp-content\/uploads\/2024\/03\/logo-residente-abril-23.png?resize=350%2C200&ssl=1","width":350,"height":200,"srcset":"https:\/\/i0.wp.com\/elresidente.info\/educando\/wp-content\/uploads\/2024\/03\/logo-residente-abril-23.png?resize=350%2C200&ssl=1 1x, https:\/\/i0.wp.com\/elresidente.info\/educando\/wp-content\/uploads\/2024\/03\/logo-residente-abril-23.png?resize=525%2C300&ssl=1 1.5x, https:\/\/i0.wp.com\/elresidente.info\/educando\/wp-content\/uploads\/2024\/03\/logo-residente-abril-23.png?resize=700%2C400&ssl=1 2x, https:\/\/i0.wp.com\/elresidente.info\/educando\/wp-content\/uploads\/2024\/03\/logo-residente-abril-23.png?resize=1050%2C600&ssl=1 3x, https:\/\/i0.wp.com\/elresidente.info\/educando\/wp-content\/uploads\/2024\/03\/logo-residente-abril-23.png?resize=1400%2C800&ssl=1 4x"},"classes":[]},{"id":4528,"url":"https:\/\/elresidente.info\/educando\/home-four\/","url_meta":{"origin":3639,"position":5},"title":"Home Four","author":"El Residente","date":"6 de octubre de 2022","format":false,"excerpt":"More Than 25,659+ StudentsWe\u2019re Best Online Education Partners University 2022Experts Advisors538+ CoursesGet StartedOur Courses See About Our CoursesAcadu Best Education Solution Makes Your Better SkillsyCredibly syndicate transparent interfaces and client-focused synergy. Objectively embrace revolutionary infomediaries virtual functionalities. Monotonectally myocardinate client-based processes before intermandated models prospective. LEARN MORE Our MissionSit amet\u2026","rel":"","context":"Entrada similar","block_context":{"text":"Entrada similar","link":""},"img":{"alt_text":"","src":"https:\/\/i0.wp.com\/angfuzsoft.com\/wordpress\/test\/wp-content\/uploads\/2019\/05\/course7-1-6-1-444x323.jpg?resize=350%2C200&ssl=1","width":350,"height":200},"classes":[]}],"jetpack_sharing_enabled":true,"_links":{"self":[{"href":"https:\/\/elresidente.info\/educando\/wp-json\/wp\/v2\/pages\/3639","targetHints":{"allow":["GET"]}}],"collection":[{"href":"https:\/\/elresidente.info\/educando\/wp-json\/wp\/v2\/pages"}],"about":[{"href":"https:\/\/elresidente.info\/educando\/wp-json\/wp\/v2\/types\/page"}],"author":[{"embeddable":true,"href":"https:\/\/elresidente.info\/educando\/wp-json\/wp\/v2\/users\/1"}],"replies":[{"embeddable":true,"href":"https:\/\/elresidente.info\/educando\/wp-json\/wp\/v2\/comments?post=3639"}],"version-history":[{"count":25,"href":"https:\/\/elresidente.info\/educando\/wp-json\/wp\/v2\/pages\/3639\/revisions"}],"predecessor-version":[{"id":6762,"href":"https:\/\/elresidente.info\/educando\/wp-json\/wp\/v2\/pages\/3639\/revisions\/6762"}],"wp:attachment":[{"href":"https:\/\/elresidente.info\/educando\/wp-json\/wp\/v2\/media?parent=3639"}],"curies":[{"name":"wp","href":"https:\/\/api.w.org\/{rel}","templated":true}]}}