{"id":1557,"date":"2022-08-21T02:19:30","date_gmt":"2022-08-21T02:19:30","guid":{"rendered":"https:\/\/angfuzsoft.com\/themeforest\/wordpress\/fresh\/?page_id=1557"},"modified":"2023-04-07T16:59:07","modified_gmt":"2023-04-07T16:59:07","slug":"acerca-de-nosotros","status":"publish","type":"page","link":"https:\/\/elresidente.info\/educando\/acerca-de-nosotros\/","title":{"rendered":"Acerca de nosotros"},"content":{"rendered":"\t\t<div data-elementor-type=\"wp-page\" data-elementor-id=\"1557\" class=\"elementor elementor-1557\">\n\t\t\t\t\t\t<section class=\"elementor-section elementor-top-section elementor-element elementor-element-e20bf3b elementor-section-full_width elementor-section-height-default elementor-section-height-default\" data-id=\"e20bf3b\" data-element_type=\"section\" data-e-type=\"section\">\n\t\t\t\t\t\t<div class=\"elementor-container elementor-column-gap-no\">\n\t\t\t\t\t<div class=\"elementor-column elementor-col-100 elementor-top-column elementor-element elementor-element-922f0c4\" data-id=\"922f0c4\" data-element_type=\"column\" data-e-type=\"column\">\n\t\t\t<div class=\"elementor-widget-wrap elementor-element-populated\">\n\t\t\t\t\t\t<section class=\"elementor-section elementor-inner-section elementor-element elementor-element-1b53a9b elementor-section-content-middle elementor-section-boxed elementor-section-height-default elementor-section-height-default\" data-id=\"1b53a9b\" data-element_type=\"section\" data-e-type=\"section\">\n\t\t\t\t\t\t<div class=\"elementor-container elementor-column-gap-no\">\n\t\t\t\t\t<div class=\"elementor-column elementor-col-50 elementor-inner-column elementor-element elementor-element-2ffda63\" data-id=\"2ffda63\" data-element_type=\"column\" data-e-type=\"column\">\n\t\t\t<div class=\"elementor-widget-wrap\">\n\t\t\t\t\t\t\t<\/div>\n\t\t<\/div>\n\t\t\t\t<div class=\"elementor-column elementor-col-50 elementor-inner-column elementor-element elementor-element-02a8c4c\" data-id=\"02a8c4c\" data-element_type=\"column\" data-e-type=\"column\">\n\t\t\t<div class=\"elementor-widget-wrap elementor-element-populated\">\n\t\t\t\t\t\t<div class=\"elementor-element elementor-element-067988f elementor-widget elementor-widget-text-editor\" data-id=\"067988f\" data-element_type=\"widget\" data-e-type=\"widget\" data-widget_type=\"text-editor.default\">\n\t\t\t\t<div class=\"elementor-widget-container\">\n\t\t\t\t\t\t\t\t\t<div class=\"checklist style3\"><ul><li>Clases presenciales y did\u00e1cticas\u00a0<\/li><li>Profesionales expertos en el tema\u00a0<\/li><li>Material de apoyo claro y entendible\u00a0<\/li><\/ul><\/div>\t\t\t\t\t\t\t\t<\/div>\n\t\t\t\t<\/div>\n\t\t\t\t\t<\/div>\n\t\t<\/div>\n\t\t\t\t\t<\/div>\n\t\t<\/section>\n\t\t\t\t\t<\/div>\n\t\t<\/div>\n\t\t\t\t\t<\/div>\n\t\t<\/section>\n\t\t\t\t<section class=\"elementor-section elementor-top-section elementor-element elementor-element-e0fca82 elementor-section-full_width elementor-section-height-default elementor-section-height-default\" data-id=\"e0fca82\" data-element_type=\"section\" data-e-type=\"section\">\n\t\t\t\t\t\t<div class=\"elementor-container elementor-column-gap-no\">\n\t\t\t\t\t<div class=\"elementor-column elementor-col-100 elementor-top-column elementor-element elementor-element-94096e4\" data-id=\"94096e4\" data-element_type=\"column\" data-e-type=\"column\">\n\t\t\t<div class=\"elementor-widget-wrap\">\n\t\t\t\t\t\t\t<\/div>\n\t\t<\/div>\n\t\t\t\t\t<\/div>\n\t\t<\/section>\n\t\t\t\t<section class=\"elementor-section elementor-top-section elementor-element elementor-element-ab88069 elementor-section-full_width elementor-section-height-default elementor-section-height-default\" data-id=\"ab88069\" data-element_type=\"section\" data-e-type=\"section\" data-settings=\"{&quot;background_background&quot;:&quot;classic&quot;}\">\n\t\t\t\t\t\t<div class=\"elementor-container elementor-column-gap-no\">\n\t\t\t\t\t<div class=\"elementor-column elementor-col-100 elementor-top-column elementor-element elementor-element-6fc7f9f\" data-id=\"6fc7f9f\" data-element_type=\"column\" data-e-type=\"column\">\n\t\t\t<div class=\"elementor-widget-wrap elementor-element-populated\">\n\t\t\t\t\t\t<section class=\"elementor-section elementor-inner-section elementor-element elementor-element-035bb12 elementor-section-boxed elementor-section-height-default elementor-section-height-default\" data-id=\"035bb12\" data-element_type=\"section\" data-e-type=\"section\">\n\t\t\t\t\t\t<div class=\"elementor-container elementor-column-gap-no\">\n\t\t\t\t\t<div class=\"elementor-column elementor-col-50 elementor-inner-column elementor-element elementor-element-aa9b620\" data-id=\"aa9b620\" data-element_type=\"column\" data-e-type=\"column\">\n\t\t\t<div class=\"elementor-widget-wrap\">\n\t\t\t\t\t\t\t<\/div>\n\t\t<\/div>\n\t\t\t\t<div class=\"elementor-column elementor-col-50 elementor-inner-column elementor-element elementor-element-8acf565\" data-id=\"8acf565\" data-element_type=\"column\" data-e-type=\"column\">\n\t\t\t<div class=\"elementor-widget-wrap elementor-element-populated\">\n\t\t\t\t\t\t<div class=\"elementor-element elementor-element-2156afa elementor-widget elementor-widget-image\" data-id=\"2156afa\" data-element_type=\"widget\" data-e-type=\"widget\" data-widget_type=\"image.default\">\n\t\t\t\t<div class=\"elementor-widget-container\">\n\t\t\t\t\t\t\t\t\t\t\t\t\t\t\t<img fetchpriority=\"high\" decoding=\"async\" width=\"635\" height=\"493\" src=\"https:\/\/i0.wp.com\/elresidente.info\/educando\/wp-content\/uploads\/2022\/08\/vector_3-1-6-1.png?fit=635%2C493&amp;ssl=1\" class=\"attachment-full size-full wp-image-1631\" alt=\"\" srcset=\"https:\/\/i0.wp.com\/elresidente.info\/educando\/wp-content\/uploads\/2022\/08\/vector_3-1-6-1.png?w=635&amp;ssl=1 635w, https:\/\/i0.wp.com\/elresidente.info\/educando\/wp-content\/uploads\/2022\/08\/vector_3-1-6-1.png?resize=300%2C233&amp;ssl=1 300w\" sizes=\"(max-width: 635px) 100vw, 635px\" \/>\t\t\t\t\t\t\t\t\t\t\t\t\t\t\t<\/div>\n\t\t\t\t<\/div>\n\t\t\t\t\t<\/div>\n\t\t<\/div>\n\t\t\t\t\t<\/div>\n\t\t<\/section>\n\t\t\t\t\t<\/div>\n\t\t<\/div>\n\t\t\t\t\t<\/div>\n\t\t<\/section>\n\t\t\t\t<section class=\"elementor-section elementor-top-section elementor-element elementor-element-d0b3382 elementor-section-full_width elementor-section-height-default elementor-section-height-default\" data-id=\"d0b3382\" data-element_type=\"section\" data-e-type=\"section\">\n\t\t\t\t\t\t<div class=\"elementor-container elementor-column-gap-no\">\n\t\t\t\t\t<div class=\"elementor-column elementor-col-100 elementor-top-column elementor-element elementor-element-d28fad0\" data-id=\"d28fad0\" data-element_type=\"column\" data-e-type=\"column\">\n\t\t\t<div class=\"elementor-widget-wrap elementor-element-populated\">\n\t\t\t\t\t\t<section class=\"elementor-section elementor-inner-section elementor-element elementor-element-423fd58 elementor-section-boxed elementor-section-height-default elementor-section-height-default\" data-id=\"423fd58\" data-element_type=\"section\" data-e-type=\"section\">\n\t\t\t\t\t\t<div class=\"elementor-container elementor-column-gap-no\">\n\t\t\t\t\t<div class=\"elementor-column elementor-col-50 elementor-inner-column elementor-element elementor-element-c65b708\" data-id=\"c65b708\" data-element_type=\"column\" data-e-type=\"column\">\n\t\t\t<div class=\"elementor-widget-wrap\">\n\t\t\t\t\t\t\t<\/div>\n\t\t<\/div>\n\t\t\t\t<div class=\"elementor-column elementor-col-50 elementor-inner-column elementor-element elementor-element-bf284d7\" data-id=\"bf284d7\" data-element_type=\"column\" data-e-type=\"column\">\n\t\t\t<div class=\"elementor-widget-wrap\">\n\t\t\t\t\t\t\t<\/div>\n\t\t<\/div>\n\t\t\t\t\t<\/div>\n\t\t<\/section>\n\t\t\t\t\t<\/div>\n\t\t<\/div>\n\t\t\t\t\t<\/div>\n\t\t<\/section>\n\t\t\t\t<\/div>\n\t\t","protected":false},"excerpt":{"rendered":"<p>Acerca de nosotros Bienvenido a nuestra plataforma de aprendizaje educando El conocimiento no tiene limites. No conoce fronteras. Y estamos siempre en constante actualizaci\u00f3n. D\u00eda a d\u00eda nos llenan de informaci\u00f3n nueva, de informaci\u00f3n que cambia constantemente. Tenemos que estar al d\u00eda con el avance de la tecnolog\u00eda. Nuestro objetivo, es brindarle una herramienta b\u00e1sica<a href=\"https:\/\/elresidente.info\/educando\/acerca-de-nosotros\/\" class=\"more-link\"><span class=\"screen-reader-text\">Acerca de nosotros<\/span><\/a><\/p>\n","protected":false},"author":1,"featured_media":0,"parent":0,"menu_order":0,"comment_status":"closed","ping_status":"closed","template":"template-builder.php","meta":{"_monsterinsights_skip_tracking":false,"_monsterinsights_sitenote_active":false,"_monsterinsights_sitenote_note":"","_monsterinsights_sitenote_category":0,"footnotes":""},"class_list":["post-1557","page","type-page","status-publish","hentry"],"aioseo_notices":[],"jetpack-related-posts":[{"id":2,"url":"https:\/\/elresidente.info\/educando\/pagina-ejemplo\/","url_meta":{"origin":1557,"position":0},"title":"P\u00e1gina de ejemplo","author":"El Residente","date":"29 de enero de 2023","format":false,"excerpt":"Esta es una p\u00e1gina de ejemplo. Es diferente a una entrada del blog porque permanecer\u00e1 en un solo lugar y aparecer\u00e1 en la navegaci\u00f3n de tu sitio (en la mayor\u00eda de los temas). La mayor\u00eda de las personas comienzan con una p\u00e1gina \u00abAcerca de\u00bb que les presenta a los visitantes\u2026","rel":"","context":"Entrada similar","block_context":{"text":"Entrada similar","link":""},"img":{"alt_text":"","src":"","width":0,"height":0},"classes":[]},{"id":4474,"url":"https:\/\/elresidente.info\/educando\/inicio\/","url_meta":{"origin":1557,"position":1},"title":"Inicio","author":"El Residente","date":"6 de octubre de 2022","format":false,"excerpt":"EducandoFuturos profesionales Las conferencias magistrales o los materiales escritos por s\u00ed solos no producen cambios en la pr\u00e1ctica del cl\u00ednico. El proceso de cambio es complejo (Davis, 2003), y con estas acciones s\u00f3lo se consigue crear conciencia en la necesidad de un cambio, el primer estadio para lograrlo. Bienvenidos a:\u2026","rel":"","context":"Entrada similar","block_context":{"text":"Entrada similar","link":""},"img":{"alt_text":"","src":"https:\/\/i0.wp.com\/elresidente.info\/educando\/wp-content\/uploads\/2023\/01\/2021-07-29_11-25-36.png?resize=350%2C200&ssl=1","width":350,"height":200,"srcset":"https:\/\/i0.wp.com\/elresidente.info\/educando\/wp-content\/uploads\/2023\/01\/2021-07-29_11-25-36.png?resize=350%2C200&ssl=1 1x, https:\/\/i0.wp.com\/elresidente.info\/educando\/wp-content\/uploads\/2023\/01\/2021-07-29_11-25-36.png?resize=525%2C300&ssl=1 1.5x, https:\/\/i0.wp.com\/elresidente.info\/educando\/wp-content\/uploads\/2023\/01\/2021-07-29_11-25-36.png?resize=700%2C400&ssl=1 2x"},"classes":[]},{"id":49363,"url":"https:\/\/elresidente.info\/educando\/universidad\/","url_meta":{"origin":1557,"position":2},"title":"Universidad.","author":"El Residente","date":"23 de mayo de 2024","format":false,"excerpt":"Informaci\u00f3n acerca de maestr\u00edas y especialidades medicas","rel":"","context":"Entrada similar","block_context":{"text":"Entrada similar","link":""},"img":{"alt_text":"","src":"","width":0,"height":0},"classes":[]},{"id":48170,"url":"https:\/\/elresidente.info\/educando\/","url_meta":{"origin":1557,"position":3},"title":"Inicio","author":"El Residente","date":"14 de agosto de 2022","format":false,"excerpt":"Educando <em>Las conferencias o los materiales escritos por s\u00ed solo no producen cambios en la pr\u00e1ctica del cl\u00ednico. El proceso de cambio es complejo (Davis, 2003), y con estas acciones s\u00f3lo se consigue crear conciencia en la necesidad de un cambio, el primer estadio para lograrlo.\u00a0<\/em><\/p> <h2>Educaci\u00f3n <br\/>M\u00e9dico Continua <\/h2>\u2026","rel":"","context":"Entrada similar","block_context":{"text":"Entrada similar","link":""},"img":{"alt_text":"","src":"https:\/\/i0.wp.com\/elresidente.info\/educando\/wp-content\/uploads\/2024\/03\/logo-residente-abril-23.png?resize=350%2C200&ssl=1","width":350,"height":200,"srcset":"https:\/\/i0.wp.com\/elresidente.info\/educando\/wp-content\/uploads\/2024\/03\/logo-residente-abril-23.png?resize=350%2C200&ssl=1 1x, https:\/\/i0.wp.com\/elresidente.info\/educando\/wp-content\/uploads\/2024\/03\/logo-residente-abril-23.png?resize=525%2C300&ssl=1 1.5x, https:\/\/i0.wp.com\/elresidente.info\/educando\/wp-content\/uploads\/2024\/03\/logo-residente-abril-23.png?resize=700%2C400&ssl=1 2x, https:\/\/i0.wp.com\/elresidente.info\/educando\/wp-content\/uploads\/2024\/03\/logo-residente-abril-23.png?resize=1050%2C600&ssl=1 3x, https:\/\/i0.wp.com\/elresidente.info\/educando\/wp-content\/uploads\/2024\/03\/logo-residente-abril-23.png?resize=1400%2C800&ssl=1 4x"},"classes":[]},{"id":5583,"url":"https:\/\/elresidente.info\/educando\/home-kindergarten\/","url_meta":{"origin":1557,"position":4},"title":"Home Eleven","author":"El Residente","date":"22 de diciembre de 2022","format":false,"excerpt":"Online Baby Course is open 2023 Learning Today For A Better Tomorrow Credibly embrace leading-edge testing procedures rather than customer directed solutions. Progressively recaptiualize client-focused service. Apply now Learn More About Our CompanyHere Is a Little About Our Kindergarten StoriesDramatically build end-to-end model after backend idea. Progressively productize vertical relationships\u2026","rel":"","context":"Entrada similar","block_context":{"text":"Entrada similar","link":""},"img":{"alt_text":"","src":"https:\/\/i0.wp.com\/elresidente.info\/educando\/wp-content\/uploads\/2022\/12\/about_9_1.jpg?resize=350%2C200&ssl=1","width":350,"height":200,"srcset":"https:\/\/i0.wp.com\/elresidente.info\/educando\/wp-content\/uploads\/2022\/12\/about_9_1.jpg?resize=350%2C200&ssl=1 1x, https:\/\/i0.wp.com\/elresidente.info\/educando\/wp-content\/uploads\/2022\/12\/about_9_1.jpg?resize=525%2C300&ssl=1 1.5x, https:\/\/i0.wp.com\/elresidente.info\/educando\/wp-content\/uploads\/2022\/12\/about_9_1.jpg?resize=700%2C400&ssl=1 2x"},"classes":[]}],"jetpack_sharing_enabled":true,"_links":{"self":[{"href":"https:\/\/elresidente.info\/educando\/wp-json\/wp\/v2\/pages\/1557","targetHints":{"allow":["GET"]}}],"collection":[{"href":"https:\/\/elresidente.info\/educando\/wp-json\/wp\/v2\/pages"}],"about":[{"href":"https:\/\/elresidente.info\/educando\/wp-json\/wp\/v2\/types\/page"}],"author":[{"embeddable":true,"href":"https:\/\/elresidente.info\/educando\/wp-json\/wp\/v2\/users\/1"}],"replies":[{"embeddable":true,"href":"https:\/\/elresidente.info\/educando\/wp-json\/wp\/v2\/comments?post=1557"}],"version-history":[{"count":38,"href":"https:\/\/elresidente.info\/educando\/wp-json\/wp\/v2\/pages\/1557\/revisions"}],"predecessor-version":[{"id":6866,"href":"https:\/\/elresidente.info\/educando\/wp-json\/wp\/v2\/pages\/1557\/revisions\/6866"}],"wp:attachment":[{"href":"https:\/\/elresidente.info\/educando\/wp-json\/wp\/v2\/media?parent=1557"}],"curies":[{"name":"wp","href":"https:\/\/api.w.org\/{rel}","templated":true}]}}