{"id":1065,"date":"2024-07-05T03:06:39","date_gmt":"2024-07-05T03:06:39","guid":{"rendered":"https:\/\/elresidente.info\/clinicas\/?page_id=1065"},"modified":"2024-07-05T18:00:55","modified_gmt":"2024-07-05T18:00:55","slug":"ecg-holter","status":"publish","type":"page","link":"https:\/\/elresidente.info\/clinicas\/ecg-holter\/","title":{"rendered":"ECG Holter"},"content":{"rendered":"\t\t<div data-elementor-type=\"wp-page\" data-elementor-id=\"1065\" class=\"elementor elementor-1065\">\n\t\t\t\t<div class=\"elementor-element elementor-element-96edc67 e-flex e-con-boxed e-con e-parent\" data-id=\"96edc67\" data-element_type=\"container\" data-e-type=\"container\">\n\t\t\t\t\t<div class=\"e-con-inner\">\n\t\t<div class=\"elementor-element elementor-element-2d6c5aa e-con-full e-flex e-con e-child\" data-id=\"2d6c5aa\" data-element_type=\"container\" data-e-type=\"container\">\n\t\t\t\t<div class=\"elementor-element elementor-element-84155d9 elementor-widget elementor-widget-shortcode\" data-id=\"84155d9\" data-element_type=\"widget\" data-e-type=\"widget\" data-widget_type=\"shortcode.default\">\n\t\t\t\t<div class=\"elementor-widget-container\">\n\t\t\t\t\t\t\t<div class=\"elementor-shortcode\"><div class=\"pt-cv-wrapper\"><h6 class='pt-cv-heading-container heading6' data-blockid='9b5547de4i'><span class='pt-cv-heading'> Servicios  <\/span><\/h6><div class=\"pt-cv-view pt-cv-blockgrid iscvblock iscvhybrid list1 layout1\" id=\"pt-cv-view-9b5547de4i\"><div data-id=\"pt-cv-page-1\" class=\"pt-cv-page\" data-cvc=\"1\"><div class=\" pt-cv-content-item pt-cv-2-col\" ><div class=\"pt-cv-thumb-wrapper pull-left \"><a href=\"https:\/\/elresidente.info\/clinicas\/ecg-holter\/\" class=\"_self pt-cv-href-thumbnail pt-cv-thumb-left\" target=\"_self\" ><img decoding=\"async\" width=\"150\" height=\"150\" src=\"https:\/\/elresidente.info\/clinicas\/wp-content\/uploads\/2024\/07\/images-150x150.webp\" class=\"pt-cv-thumbnail pull-left\" alt=\"\" \/><\/a><\/div>\n<div class=\"pt-cv-colwrap\"><h6 class=\"pt-cv-title\"><a href=\"https:\/\/elresidente.info\/clinicas\/ecg-holter\/\" class=\"_self\" target=\"_self\" >ECG Holter<\/a><\/h6><\/div><\/div>\n<div class=\" pt-cv-content-item pt-cv-2-col\" ><div class=\"pt-cv-thumb-wrapper pull-left \"><a href=\"https:\/\/elresidente.info\/clinicas\/espirometria\/\" class=\"_self pt-cv-href-thumbnail pt-cv-thumb-left\" target=\"_self\" ><img decoding=\"async\" width=\"150\" height=\"150\" src=\"https:\/\/elresidente.info\/clinicas\/wp-content\/uploads\/2026\/02\/images-1-150x150.jpg\" class=\"pt-cv-thumbnail pull-left\" alt=\"\" \/><\/a><\/div>\n<div class=\"pt-cv-colwrap\"><h6 class=\"pt-cv-title\"><a href=\"https:\/\/elresidente.info\/clinicas\/espirometria\/\" class=\"_self\" target=\"_self\" >Espirometr\u00eda<\/a><\/h6><\/div><\/div>\n<div class=\" pt-cv-content-item pt-cv-2-col\" ><div class=\"pt-cv-thumb-wrapper pull-left \"><a href=\"https:\/\/elresidente.info\/clinicas\/evaluacion-pre-operatoria\/\" class=\"_self pt-cv-href-thumbnail pt-cv-thumb-left\" target=\"_self\" ><img decoding=\"async\" width=\"150\" height=\"150\" src=\"https:\/\/elresidente.info\/clinicas\/wp-content\/uploads\/2024\/07\/953688f0bac54417060922785e655e12-150x150.webp\" class=\"pt-cv-thumbnail pull-left\" alt=\"\" \/><\/a><\/div>\n<div class=\"pt-cv-colwrap\"><h6 class=\"pt-cv-title\"><a href=\"https:\/\/elresidente.info\/clinicas\/evaluacion-pre-operatoria\/\" class=\"_self\" target=\"_self\" >Evaluaci\u00f3n pre operatoria<\/a><\/h6><\/div><\/div>\n<div class=\" pt-cv-content-item pt-cv-2-col\" ><div class=\"pt-cv-thumb-wrapper pull-left \"><a href=\"https:\/\/elresidente.info\/clinicas\/mapa-monitoreo-ambulatorio-de-presion-arterial\/\" class=\"_self pt-cv-href-thumbnail pt-cv-thumb-left\" target=\"_self\" ><img loading=\"lazy\" decoding=\"async\" width=\"150\" height=\"150\" src=\"https:\/\/elresidente.info\/clinicas\/wp-content\/uploads\/2024\/07\/mapa-150x150.webp\" class=\"pt-cv-thumbnail pull-left\" alt=\"\" \/><\/a><\/div>\n<div class=\"pt-cv-colwrap\"><h6 class=\"pt-cv-title\"><a href=\"https:\/\/elresidente.info\/clinicas\/mapa-monitoreo-ambulatorio-de-presion-arterial\/\" class=\"_self\" target=\"_self\" >MAPA (Monitoreo ambulatorio de Presi\u00f3n Arterial)<\/a><\/h6><\/div><\/div>\n<div class=\" pt-cv-content-item pt-cv-2-col\" ><div class=\"pt-cv-thumb-wrapper pull-left \"><a href=\"https:\/\/elresidente.info\/clinicas\/medicina-interna\/\" class=\"_self pt-cv-href-thumbnail pt-cv-thumb-left\" target=\"_self\" ><img loading=\"lazy\" decoding=\"async\" width=\"150\" height=\"150\" src=\"https:\/\/elresidente.info\/clinicas\/wp-content\/uploads\/2024\/07\/1608734832_09efcbba158b5dbaf374-150x150.webp\" class=\"pt-cv-thumbnail pull-left\" alt=\"\" \/><\/a><\/div>\n<div class=\"pt-cv-colwrap\"><h6 class=\"pt-cv-title\"><a href=\"https:\/\/elresidente.info\/clinicas\/medicina-interna\/\" class=\"_self\" target=\"_self\" >Medicina Interna<\/a><\/h6><\/div><\/div>\n<div class=\" pt-cv-content-item pt-cv-2-col\" ><div class=\"pt-cv-thumb-wrapper pull-left \"><a href=\"https:\/\/elresidente.info\/clinicas\/pediatria\/\" class=\"_self pt-cv-href-thumbnail pt-cv-thumb-left\" target=\"_self\" ><img loading=\"lazy\" decoding=\"async\" width=\"150\" height=\"150\" src=\"https:\/\/elresidente.info\/clinicas\/wp-content\/uploads\/2024\/07\/especialidades-13-clinica-pediatrica-150x150.jpg\" class=\"pt-cv-thumbnail pull-left\" alt=\"\" \/><\/a><\/div>\n<div class=\"pt-cv-colwrap\"><h6 class=\"pt-cv-title\"><a href=\"https:\/\/elresidente.info\/clinicas\/pediatria\/\" class=\"_self\" target=\"_self\" >Pediatr\u00eda<\/a><\/h6><\/div><\/div><\/div><\/div><\/div>\t\t\t<style type=\"text\/css\" id=\"pt-cv-inline-style-b97a98b6bd\">\n#pt-cv-view-9b5547de4i .pt-cv-thumb-wrapper:not(.miniwrap) { width: 150px; }#pt-cv-view-9b5547de4i .pt-cv-thumbnail:not(.pt-cv-thumbnailsm) { height: 100px; }#pt-cv-view-9b5547de4i > .pt-cv-page {grid-template-columns: repeat(1, 1fr);grid-gap: 20px;}\n@media all and (max-width: 1024px) { \n#pt-cv-view-9b5547de4i > .pt-cv-page {grid-template-columns: repeat(1, 1fr);}\n} \n@media all and (max-width: 767px) { \n#pt-cv-view-9b5547de4i > .pt-cv-page {grid-template-columns: repeat(1, 1fr);}\n} <\/style>\r\n\t\t\t<\/div>\n\t\t\t\t\t\t<\/div>\n\t\t\t\t<\/div>\n\t\t\t\t<div class=\"elementor-element elementor-element-41ce473 elementor-widget elementor-widget-button\" data-id=\"41ce473\" data-element_type=\"widget\" data-e-type=\"widget\" data-widget_type=\"button.default\">\n\t\t\t\t<div class=\"elementor-widget-container\">\n\t\t\t\t\t\t\t\t\t<div class=\"elementor-button-wrapper\">\n\t\t\t\t\t<a class=\"elementor-button elementor-button-link elementor-size-sm\" href=\"#\">\n\t\t\t\t\t\t<span class=\"elementor-button-content-wrapper\">\n\t\t\t\t\t\t\t\t\t<span class=\"elementor-button-text\">\u00bfNecesitas m\u00e1s informaci\u00f3n?<\/span>\n\t\t\t\t\t<\/span>\n\t\t\t\t\t<\/a>\n\t\t\t\t<\/div>\n\t\t\t\t\t\t\t\t<\/div>\n\t\t\t\t<\/div>\n\t\t\t\t<div class=\"elementor-element elementor-element-c56699c elementor-widget elementor-widget-accordion\" data-id=\"c56699c\" data-element_type=\"widget\" data-e-type=\"widget\" data-widget_type=\"accordion.default\">\n\t\t\t\t<div class=\"elementor-widget-container\">\n\t\t\t\t\t\t\t<div class=\"elementor-accordion\">\n\t\t\t\t\t\t\t<div class=\"elementor-accordion-item\">\n\t\t\t\t\t<div id=\"elementor-tab-title-2061\" class=\"elementor-tab-title\" data-tab=\"1\" role=\"button\" aria-controls=\"elementor-tab-content-2061\" aria-expanded=\"false\">\n\t\t\t\t\t\t\t\t\t\t\t\t\t<span class=\"elementor-accordion-icon elementor-accordion-icon-left\" aria-hidden=\"true\">\n\t\t\t\t\t\t\t\t\t\t\t\t\t\t\t<span class=\"elementor-accordion-icon-closed\"><svg class=\"e-font-icon-svg e-fas-plus\" viewBox=\"0 0 448 512\" xmlns=\"http:\/\/www.w3.org\/2000\/svg\"><path d=\"M416 208H272V64c0-17.67-14.33-32-32-32h-32c-17.67 0-32 14.33-32 32v144H32c-17.67 0-32 14.33-32 32v32c0 17.67 14.33 32 32 32h144v144c0 17.67 14.33 32 32 32h32c17.67 0 32-14.33 32-32V304h144c17.67 0 32-14.33 32-32v-32c0-17.67-14.33-32-32-32z\"><\/path><\/svg><\/span>\n\t\t\t\t\t\t\t\t<span class=\"elementor-accordion-icon-opened\"><svg class=\"e-font-icon-svg e-fas-minus\" viewBox=\"0 0 448 512\" xmlns=\"http:\/\/www.w3.org\/2000\/svg\"><path d=\"M416 208H32c-17.67 0-32 14.33-32 32v32c0 17.67 14.33 32 32 32h384c17.67 0 32-14.33 32-32v-32c0-17.67-14.33-32-32-32z\"><\/path><\/svg><\/span>\n\t\t\t\t\t\t\t\t\t\t\t\t\t\t<\/span>\n\t\t\t\t\t\t\t\t\t\t\t\t<a class=\"elementor-accordion-title\" tabindex=\"0\">whatsapp <\/a>\n\t\t\t\t\t<\/div>\n\t\t\t\t\t<div id=\"elementor-tab-content-2061\" class=\"elementor-tab-content elementor-clearfix\" data-tab=\"1\" role=\"region\" aria-labelledby=\"elementor-tab-title-2061\"><p>4135 2738<\/p><\/div>\n\t\t\t\t<\/div>\n\t\t\t\t\t\t\t<div class=\"elementor-accordion-item\">\n\t\t\t\t\t<div id=\"elementor-tab-title-2062\" class=\"elementor-tab-title\" data-tab=\"2\" role=\"button\" aria-controls=\"elementor-tab-content-2062\" aria-expanded=\"false\">\n\t\t\t\t\t\t\t\t\t\t\t\t\t<span class=\"elementor-accordion-icon elementor-accordion-icon-left\" aria-hidden=\"true\">\n\t\t\t\t\t\t\t\t\t\t\t\t\t\t\t<span class=\"elementor-accordion-icon-closed\"><svg class=\"e-font-icon-svg e-fas-plus\" viewBox=\"0 0 448 512\" xmlns=\"http:\/\/www.w3.org\/2000\/svg\"><path d=\"M416 208H272V64c0-17.67-14.33-32-32-32h-32c-17.67 0-32 14.33-32 32v144H32c-17.67 0-32 14.33-32 32v32c0 17.67 14.33 32 32 32h144v144c0 17.67 14.33 32 32 32h32c17.67 0 32-14.33 32-32V304h144c17.67 0 32-14.33 32-32v-32c0-17.67-14.33-32-32-32z\"><\/path><\/svg><\/span>\n\t\t\t\t\t\t\t\t<span class=\"elementor-accordion-icon-opened\"><svg class=\"e-font-icon-svg e-fas-minus\" viewBox=\"0 0 448 512\" xmlns=\"http:\/\/www.w3.org\/2000\/svg\"><path d=\"M416 208H32c-17.67 0-32 14.33-32 32v32c0 17.67 14.33 32 32 32h384c17.67 0 32-14.33 32-32v-32c0-17.67-14.33-32-32-32z\"><\/path><\/svg><\/span>\n\t\t\t\t\t\t\t\t\t\t\t\t\t\t<\/span>\n\t\t\t\t\t\t\t\t\t\t\t\t<a class=\"elementor-accordion-title\" tabindex=\"0\">E mail <\/a>\n\t\t\t\t\t<\/div>\n\t\t\t\t\t<div id=\"elementor-tab-content-2062\" class=\"elementor-tab-content elementor-clearfix\" data-tab=\"2\" role=\"region\" aria-labelledby=\"elementor-tab-title-2062\"><p>clinicas@elresidente.info<\/p><\/div>\n\t\t\t\t<\/div>\n\t\t\t\t\t\t\t\t<\/div>\n\t\t\t\t\t\t<\/div>\n\t\t\t\t<\/div>\n\t\t\t\t<\/div>\n\t\t<div class=\"elementor-element elementor-element-b27e2a1 e-con-full e-flex e-con e-child\" data-id=\"b27e2a1\" data-element_type=\"container\" data-e-type=\"container\">\n\t\t\t\t<div class=\"elementor-element elementor-element-9a4e7f2 elementor-widget elementor-widget-text-editor\" data-id=\"9a4e7f2\" data-element_type=\"widget\" data-e-type=\"widget\" data-widget_type=\"text-editor.default\">\n\t\t\t\t<div class=\"elementor-widget-container\">\n\t\t\t\t\t\t\t\t\t<h3>\u00bfQu\u00e9 es un ECG Holter?<\/h3><p>El ECG Holter es un dispositivo port\u00e1til que registra la actividad el\u00e9ctrica del coraz\u00f3n durante un per\u00edodo prolongado, generalmente 24 a 48 horas. A diferencia de un electrocardiograma (ECG) est\u00e1ndar, que solo capta la actividad card\u00edaca en un momento espec\u00edfico, el Holter permite monitorear el coraz\u00f3n en situaciones cotidianas y detectar irregularidades que pueden no aparecer en un ECG de corta duraci\u00f3n.<\/p><h3>\u00bfPara qu\u00e9 se usa el ECG Holter?<\/h3><p>1. Diagn\u00f3stico de Arritmias:<br \/>&#8211; Identificaci\u00f3n de ritmos card\u00edacos anormales que pueden ser intermitentes y no detectables en un ECG est\u00e1ndar.<br \/>&#8211; Evaluaci\u00f3n de s\u00edntomas como palpitaciones, mareos, desmayos o sensaci\u00f3n de coraz\u00f3n acelerado.<\/p><p>2. Evaluaci\u00f3n de Tratamientos:<br \/>&#8211; Monitoreo de la efectividad de tratamientos para arritmias o medicamentos.<br \/>&#8211; Ajuste de dosis de medicamentos basados en los datos recogidos.<\/p><p>3. Evaluaci\u00f3n de la Funci\u00f3n Card\u00edaca:<br \/>&#8211; An\u00e1lisis de la frecuencia y regularidad del ritmo card\u00edaco.<br \/>&#8211; Detecci\u00f3n de episodios de isquemia silenciosa (falta de flujo sangu\u00edneo al coraz\u00f3n sin s\u00edntomas evidentes).<\/p><p><a href=\"https:\/\/images.medindia.net\/patientinfo\/450_237\/benefits-of-holter-monitoring.jpg\"><img loading=\"lazy\" decoding=\"async\" class=\"aligncenter size-medium\" src=\"https:\/\/images.medindia.net\/patientinfo\/450_237\/benefits-of-holter-monitoring.jpg\" width=\"450\" height=\"840\" \/><\/a><\/p><h3>\u00bfC\u00f3mo se realiza el ECG Holter?<\/h3><p>1. Colocaci\u00f3n del Dispositivo:<br \/>&#8211; Se colocan electrodos adhesivos en el pecho del paciente.<br \/>&#8211; Los electrodos est\u00e1n conectados a un peque\u00f1o dispositivo de grabaci\u00f3n que se lleva en un cintur\u00f3n o correa.<\/p><p>2. Per\u00edodo de Monitoreo:<br \/>&#8211; El paciente lleva el dispositivo durante 24 a 48 horas, realizando sus actividades diarias normales.<br \/>&#8211; Se registra cualquier s\u00edntoma y la hora en que ocurre para correlacionarlo con los datos del Holter.<\/p><p>3. Retiro y An\u00e1lisis:<br \/>&#8211; Despu\u00e9s del per\u00edodo de monitoreo, se retira el dispositivo.<br \/>&#8211; Los datos registrados se descargan y analizan para identificar cualquier irregularidad en el ritmo card\u00edaco.<\/p><p><a href=\"https:\/\/encrypted-tbn0.gstatic.com\/images?q=tbn:ANd9GcQ3hqoOoV9tRKdP8Dp7JWNoFhkdohvlW9GBYw&amp;s\"><img loading=\"lazy\" decoding=\"async\" class=\"aligncenter size-medium\" src=\"https:\/\/encrypted-tbn0.gstatic.com\/images?q=tbn:ANd9GcQ3hqoOoV9tRKdP8Dp7JWNoFhkdohvlW9GBYw&amp;s\" width=\"159\" height=\"318\" \/><\/a><\/p><h3>Consejos para los Pacientes Durante el Monitoreo<\/h3><p>1. Actividades Diarias:<br \/>&#8211; Mantener un registro de actividades y s\u00edntomas durante el per\u00edodo de monitoreo.<br \/>&#8211; Realizar actividades diarias normales para obtener un registro representativo de la funci\u00f3n card\u00edaca.<\/p><p>2. Cuidado del Dispositivo:<br \/>&#8211; Mantener el dispositivo seco y evitar ducharse o ba\u00f1arse a menos que se indiquen instrucciones espec\u00edficas.<br \/>&#8211; Evitar actividades que puedan causar la desconexi\u00f3n de los electrodos.<\/p><p>3. Comunicaci\u00f3n con el M\u00e9dico:<br \/>&#8211; Informar al m\u00e9dico sobre cualquier s\u00edntoma inusual o preocupaci\u00f3n durante el monitoreo.<br \/>&#8211; Seguir las instrucciones proporcionadas por el equipo m\u00e9dico para asegurar la correcta operaci\u00f3n del dispositivo.<\/p><h3>Beneficios del ECG Holter<\/h3><p>1. Diagn\u00f3stico Preciso:<br \/>&#8211; Proporciona una imagen detallada y continua de la actividad card\u00edaca.<br \/>&#8211; Ayuda a identificar problemas que pueden no ser detectables en un ECG est\u00e1ndar.<\/p><p>2. Conveniencia:<br \/>&#8211; Permite al paciente continuar con su vida cotidiana mientras se monitorea el coraz\u00f3n.<br \/>&#8211; No es invasivo y es f\u00e1cil de llevar.<\/p><p>3. Mejora del Tratamiento:<br \/>&#8211; Facilita la evaluaci\u00f3n de la efectividad de tratamientos y ajustes necesarios.<br \/>&#8211; Contribuye a una mejor gesti\u00f3n de las condiciones card\u00edacas.<\/p><p><a href=\"https:\/\/www.researchgate.net\/publication\/370590082\/figure\/fig1\/AS:11431281156251194@1683463702906\/Holter-monitor-reading-showing-NSVT-within-the-red-box-NSVT-non-sustained-ventricular.png\"><img loading=\"lazy\" decoding=\"async\" class=\"aligncenter size-medium\" src=\"https:\/\/www.researchgate.net\/publication\/370590082\/figure\/fig1\/AS:11431281156251194@1683463702906\/Holter-monitor-reading-showing-NSVT-within-the-red-box-NSVT-non-sustained-ventricular.png\" width=\"850\" height=\"516\" \/><\/a><\/p><p>\u00a0<\/p><h3>Conclusi\u00f3n<\/h3><p>El ECG Holter es una herramienta valiosa para el diagn\u00f3stico y manejo de problemas card\u00edacos. Permite una monitorizaci\u00f3n continua y detallada del ritmo card\u00edaco, proporcionando informaci\u00f3n crucial para el tratamiento adecuado. Los pacientes pueden beneficiarse significativamente de este procedimiento sencillo y no invasivo, obteniendo un mejor entendimiento y control de su salud card\u00edaca.<\/p>\t\t\t\t\t\t\t\t<\/div>\n\t\t\t\t<\/div>\n\t\t\t\t<\/div>\n\t\t\t\t\t<\/div>\n\t\t\t\t<\/div>\n\t\t\t\t<\/div>\n\t\t","protected":false},"excerpt":{"rendered":"<p>\u00bfNecesitas m\u00e1s informaci\u00f3n? whatsapp 4135 2738 E mail clinicas@elresidente.info \u00bfQu\u00e9 es un ECG Holter? El ECG Holter es un dispositivo port\u00e1til que registra la actividad el\u00e9ctrica del coraz\u00f3n durante un per\u00edodo prolongado, generalmente 24 a 48 horas. A diferencia de un electrocardiograma (ECG) est\u00e1ndar, que solo capta la actividad card\u00edaca en un momento espec\u00edfico, el [&hellip;]<\/p>\n","protected":false},"author":1,"featured_media":1009,"parent":0,"menu_order":0,"comment_status":"closed","ping_status":"closed","template":"","meta":{"site-sidebar-layout":"no-sidebar","site-content-layout":"page-builder","ast-site-content-layout":"full-width-container","site-content-style":"default","site-sidebar-style":"default","ast-global-header-display":"","ast-banner-title-visibility":"","ast-main-header-display":"","ast-hfb-above-header-display":"","ast-hfb-below-header-display":"","ast-hfb-mobile-header-display":"","site-post-title":"disabled","ast-breadcrumbs-content":"","ast-featured-img":"disabled","footer-sml-layout":"","ast-disable-related-posts":"","theme-transparent-header-meta":"","adv-header-id-meta":"","stick-header-meta":"","header-above-stick-meta":"","header-main-stick-meta":"","header-below-stick-meta":"","astra-migrate-meta-layouts":"set","ast-page-background-enabled":"default","ast-page-background-meta":{"desktop":{"background-color":"","background-image":"","background-repeat":"repeat","background-position":"center center","background-size":"auto","background-attachment":"scroll","background-type":"","background-media":"","overlay-type":"","overlay-color":"","overlay-opacity":"","overlay-gradient":""},"tablet":{"background-color":"","background-image":"","background-repeat":"repeat","background-position":"center center","background-size":"auto","background-attachment":"scroll","background-type":"","background-media":"","overlay-type":"","overlay-color":"","overlay-opacity":"","overlay-gradient":""},"mobile":{"background-color":"","background-image":"","background-repeat":"repeat","background-position":"center center","background-size":"auto","background-attachment":"scroll","background-type":"","background-media":"","overlay-type":"","overlay-color":"","overlay-opacity":"","overlay-gradient":""}},"ast-content-background-meta":{"desktop":{"background-color":"var(--ast-global-color-5)","background-image":"","background-repeat":"repeat","background-position":"center center","background-size":"auto","background-attachment":"scroll","background-type":"","background-media":"","overlay-type":"","overlay-color":"","overlay-opacity":"","overlay-gradient":""},"tablet":{"background-color":"var(--ast-global-color-5)","background-image":"","background-repeat":"repeat","background-position":"center center","background-size":"auto","background-attachment":"scroll","background-type":"","background-media":"","overlay-type":"","overlay-color":"","overlay-opacity":"","overlay-gradient":""},"mobile":{"background-color":"var(--ast-global-color-5)","background-image":"","background-repeat":"repeat","background-position":"center center","background-size":"auto","background-attachment":"scroll","background-type":"","background-media":"","overlay-type":"","overlay-color":"","overlay-opacity":"","overlay-gradient":""}},"footnotes":""},"class_list":["post-1065","page","type-page","status-publish","has-post-thumbnail","hentry"],"jetpack_sharing_enabled":true,"_links":{"self":[{"href":"https:\/\/elresidente.info\/clinicas\/wp-json\/wp\/v2\/pages\/1065","targetHints":{"allow":["GET"]}}],"collection":[{"href":"https:\/\/elresidente.info\/clinicas\/wp-json\/wp\/v2\/pages"}],"about":[{"href":"https:\/\/elresidente.info\/clinicas\/wp-json\/wp\/v2\/types\/page"}],"author":[{"embeddable":true,"href":"https:\/\/elresidente.info\/clinicas\/wp-json\/wp\/v2\/users\/1"}],"replies":[{"embeddable":true,"href":"https:\/\/elresidente.info\/clinicas\/wp-json\/wp\/v2\/comments?post=1065"}],"version-history":[{"count":14,"href":"https:\/\/elresidente.info\/clinicas\/wp-json\/wp\/v2\/pages\/1065\/revisions"}],"predecessor-version":[{"id":1275,"href":"https:\/\/elresidente.info\/clinicas\/wp-json\/wp\/v2\/pages\/1065\/revisions\/1275"}],"wp:featuredmedia":[{"embeddable":true,"href":"https:\/\/elresidente.info\/clinicas\/wp-json\/wp\/v2\/media\/1009"}],"wp:attachment":[{"href":"https:\/\/elresidente.info\/clinicas\/wp-json\/wp\/v2\/media?parent=1065"}],"curies":[{"name":"wp","href":"https:\/\/api.w.org\/{rel}","templated":true}]}}